{"id":4029,"date":"2024-11-28T21:51:07","date_gmt":"2024-11-28T21:51:07","guid":{"rendered":"https:\/\/rithymnabeach.com\/mythica\/"},"modified":"2025-10-24T12:09:30","modified_gmt":"2025-10-24T12:09:30","slug":"mythica","status":"publish","type":"page","link":"https:\/\/rithymnabeach.com\/fr\/mythica\/","title":{"rendered":"Mythica"},"content":{"rendered":"<p>[et_pb_section fb_built=\u00a0\u00bb1&Prime; _builder_version=\u00a0\u00bb4.27.2&Prime; _module_preset=\u00a0\u00bbdefault\u00a0\u00bb background_color=\u00a0\u00bb#FFFFFF\u00a0\u00bb background_enable_image=\u00a0\u00bboff\u00a0\u00bb background_blend=\u00a0\u00bboverlay\u00a0\u00bb min_height=\u00a0\u00bb376.4px\u00a0\u00bb custom_margin=\u00a0\u00bb0px||0px||false|false\u00a0\u00bb custom_padding=\u00a0\u00bb0px||0px||false|false\u00a0\u00bb locked=\u00a0\u00bboff\u00a0\u00bb global_colors_info=\u00a0\u00bb{}\u00a0\u00bb][et_pb_row _builder_version=\u00a0\u00bb4.27.2&Prime; _module_preset=\u00a0\u00bbdefault\u00a0\u00bb width_tablet=\u00a0\u00bb\u00a0\u00bb width_phone=\u00a0\u00bb90%\u00a0\u00bb width_last_edited=\u00a0\u00bbon|phone\u00a0\u00bb custom_margin=\u00a0\u00bb0px||0px||false|false\u00a0\u00bb custom_padding=\u00a0\u00bb120px||120px||false|false\u00a0\u00bb global_colors_info=\u00a0\u00bb{}\u00a0\u00bb][et_pb_column type=\u00a0\u00bb4_4&Prime; _builder_version=\u00a0\u00bb4.24.3&Prime; _module_preset=\u00a0\u00bbdefault\u00a0\u00bb global_colors_info=\u00a0\u00bb{}\u00a0\u00bb][et_pb_text _builder_version=\u00a0\u00bb4.27.0&Prime; _module_preset=\u00a0\u00bbdefault\u00a0\u00bb text_font=\u00a0\u00bb|||on|||||\u00a0\u00bb locked=\u00a0\u00bboff\u00a0\u00bb global_colors_info=\u00a0\u00bb{}\u00a0\u00bb]<\/p>\n<p style=\"text-align: center;\">D\u00e9couvrez un monde de privil\u00e8ges exclusifs<\/p>\n<p>[\/et_pb_text][et_pb_text module_class=\u00a0\u00bbet_pb_slide_titleDifference\u00a0\u00bb _builder_version=\u00a0\u00bb4.27.0&Prime; _module_preset=\u00a0\u00bbdefault\u00a0\u00bb text_font=\u00a0\u00bb|||on|||||\u00a0\u00bb text_text_color=\u00a0\u00bb#000000&Prime; text_font_size=\u00a0\u00bb36px\u00a0\u00bb text_letter_spacing=\u00a0\u00bb1px\u00a0\u00bb text_line_height=\u00a0\u00bb1em\u00a0\u00bb header_line_height=\u00a0\u00bb1.1em\u00a0\u00bb custom_margin=\u00a0\u00bb0px||30px||false|false\u00a0\u00bb global_colors_info=\u00a0\u00bb{}\u00a0\u00bb]<\/p>\n<p style=\"text-align: center;\">Mythica Suites &#038; Bungalows<\/p>\n<p>[\/et_pb_text][et_pb_text _builder_version=\u00a0\u00bb4.24.2&Prime; _module_preset=\u00a0\u00bbdefault\u00a0\u00bb global_colors_info=\u00a0\u00bb{}\u00a0\u00bb]<\/p>\n<p style=\"text-align: center;\">Entrez dans le monde de Mythica, notre type d&rsquo;h\u00e9bergement haut de gamme, et profitez d&rsquo;un monde d&rsquo;avantages con\u00e7us pour am\u00e9liorer chaque instant. Plongez dans l&rsquo;exp\u00e9rience Mythica, exclusivement con\u00e7ue pour rehausser votre s\u00e9jour \u00e0 Aquila Rithymna Village gr\u00e2ce \u00e0 un large \u00e9ventail de privil\u00e8ges. <\/p>\n<div id=\"awebChromeHelper\" data-version=\"1.23.6\"><\/div>\n<p>[\/et_pb_text][\/et_pb_column][\/et_pb_row][\/et_pb_section][et_pb_section fb_built=\u00a0\u00bb1&Prime; _builder_version=\u00a0\u00bb4.27.2&Prime; _module_preset=\u00a0\u00bbdefault\u00a0\u00bb background_color=\u00a0\u00bb#f3eee7&Prime; custom_margin=\u00a0\u00bb0px||0px||false|false\u00a0\u00bb custom_padding=\u00a0\u00bb0px||0px||false|false\u00a0\u00bb global_colors_info=\u00a0\u00bb{}\u00a0\u00bb][et_pb_row custom_padding_last_edited=\u00a0\u00bbon|phone\u00a0\u00bb _builder_version=\u00a0\u00bb4.27.2&Prime; _module_preset=\u00a0\u00bbdefault\u00a0\u00bb width_tablet=\u00a0\u00bb\u00a0\u00bb width_phone=\u00a0\u00bb90%\u00a0\u00bb width_last_edited=\u00a0\u00bbon|phone\u00a0\u00bb custom_margin=\u00a0\u00bb0px||0px||false|false\u00a0\u00bb custom_padding=\u00a0\u00bb60px||120px||false|false\u00a0\u00bb custom_padding_tablet=\u00a0\u00bb60px||120px||false|false\u00a0\u00bb custom_padding_phone=\u00a0\u00bb30px||||false|false\u00a0\u00bb global_colors_info=\u00a0\u00bb{}\u00a0\u00bb][et_pb_column type=\u00a0\u00bb4_4&Prime; _builder_version=\u00a0\u00bb4.24.3&Prime; _module_preset=\u00a0\u00bbdefault\u00a0\u00bb global_colors_info=\u00a0\u00bb{}\u00a0\u00bb][et_pb_text _builder_version=\u00a0\u00bb4.24.2&Prime; _module_preset=\u00a0\u00bbdefault\u00a0\u00bb global_colors_info=\u00a0\u00bb{}\u00a0\u00bb]<\/p>\n<p><strong>Exclusivit\u00e9s Mythica :<\/strong><strong> <\/strong><\/p>\n<p><strong><\/strong><\/p>\n<ul>\n<li>Exclusivit\u00e9s Mythica<\/li>\n<li>Articles de toilette et \u00e9quipements de salle de bain de luxe<\/li>\n<li>Peignoirs et pantoufles<\/li>\n<li>Serviettes et sac de plage<\/li>\n<li>Smart Satellite LCD TV 43\u2033-55\u2033 avec radio et cha\u00eenes musicales<\/li>\n<li>Mini bar enti\u00e8rement approvisionn\u00e9 en produits de premi\u00e8re qualit\u00e9<\/li>\n<li>Vin mousseux de bienvenue et jus d&rsquo;orange frais \u00e0 l&rsquo;arriv\u00e9e<\/li>\n<li>Offre de bienvenue (fleurs, fruits et un cadeau sp\u00e9cialement s\u00e9lectionn\u00e9) \u00e0 l&rsquo;arriv\u00e9e<\/li>\n<li>Service personnalis\u00e9 de relations avec les h\u00f4tes<\/li>\n<li>Petit d\u00e9jeuner continental gratuit en chambre<\/li>\n<li>Service d&rsquo;accueil quotidien<\/li>\n<li>Enregistrement et sortie express<\/li>\n<li>Cocktail avec l&rsquo;\u00e9quipe de direction<\/li>\n<li>Arriv\u00e9e anticip\u00e9e \/ D\u00e9part tardif jusqu&rsquo;\u00e0 18h00 selon disponibilit\u00e9<\/li>\n<li>Cadeau d&rsquo;adieu<\/li>\n<\/ul>\n<p>[\/et_pb_text][et_pb_text _builder_version=\u00a0\u00bb4.24.2&Prime; _module_preset=\u00a0\u00bbdefault\u00a0\u00bb global_colors_info=\u00a0\u00bb{}\u00a0\u00bb]<\/p>\n<p><strong style=\"font-size: 16px;\">Mythica Dining Privileges :<br \/><\/strong>Les clients du Mythica en demi-pension ou en pension compl\u00e8te Premium peuvent prendre leurs repas dans les restaurants \u00e0 la carte du complexe \u00ab\u00a0Eleftherna\u00a0\u00bb, \u00ab\u00a0Oceana\u00a0\u00bb, \u00ab\u00a0Mournies\u00a0\u00bb et \u00ab\u00a0Rimondi\u00a0\u00bb sans frais suppl\u00e9mentaires. Veuillez noter que certains menus et boissons de sp\u00e9cialit\u00e9, ainsi que certaines de nos soir\u00e9es th\u00e9matiques, sont disponibles moyennant un suppl\u00e9ment. Mythica est plus qu&rsquo;une simple collection de privil\u00e8ges ; c&rsquo;est une invitation \u00e0 d\u00e9couvrir la v\u00e9ritable essence du luxe raffin\u00e9 et du service personnalis\u00e9 \u00e0 l&rsquo;Aquila Rithymna Beach.  <\/p>\n<p>[\/et_pb_text][\/et_pb_column][\/et_pb_row][et_pb_row column_structure=\u00a0\u00bb1_3,1_3,1_3&Prime; _builder_version=\u00a0\u00bb4.27.4&Prime; _module_preset=\u00a0\u00bbdefault\u00a0\u00bb background_image=\u00a0\u00bbhttps:\/\/rithymnabeach.com\/wp-content\/uploads\/2025\/10\/DJI_0203.jpg\u00a0\u00bb parallax=\u00a0\u00bbon\u00a0\u00bb parallax_method=\u00a0\u00bboff\u00a0\u00bb width=\u00a0\u00bb100%\u00a0\u00bb max_width=\u00a0\u00bb2560px\u00a0\u00bb min_height=\u00a0\u00bb780px\u00a0\u00bb custom_margin=\u00a0\u00bb-5px|auto||auto||\u00a0\u00bb hover_enabled=\u00a0\u00bb0&Prime; locked=\u00a0\u00bboff\u00a0\u00bb global_colors_info=\u00a0\u00bb{}\u00a0\u00bb alt=\u00a0\u00bbRithymna Beach Resort beach with umbrellas and pools\u00a0\u00bb title_text=\u00a0\u00bbRithymna Beach hotel in Crete\u00a0\u00bb sticky_enabled=\u00a0\u00bb0&Prime;][et_pb_column type=\u00a0\u00bb1_3&Prime; _builder_version=\u00a0\u00bb4.24.2&Prime; _module_preset=\u00a0\u00bbdefault\u00a0\u00bb global_colors_info=\u00a0\u00bb{}\u00a0\u00bb][\/et_pb_column][et_pb_column type=\u00a0\u00bb1_3&Prime; _builder_version=\u00a0\u00bb4.24.2&Prime; _module_preset=\u00a0\u00bbdefault\u00a0\u00bb global_colors_info=\u00a0\u00bb{}\u00a0\u00bb][\/et_pb_column][et_pb_column type=\u00a0\u00bb1_3&Prime; _builder_version=\u00a0\u00bb4.24.2&Prime; _module_preset=\u00a0\u00bbdefault\u00a0\u00bb global_colors_info=\u00a0\u00bb{}\u00a0\u00bb][\/et_pb_column][\/et_pb_row][\/et_pb_section]<\/p>\n","protected":false},"excerpt":{"rendered":"<p>D\u00e9couvrez un monde de privil\u00e8ges exclusifsMythica Suites &#038; BungalowsEntrez dans le monde de Mythica, notre type d&rsquo;h\u00e9bergement haut de gamme, et profitez d&rsquo;un monde d&rsquo;avantages con\u00e7us pour am\u00e9liorer chaque instant. Plongez dans l&rsquo;exp\u00e9rience Mythica, exclusivement con\u00e7ue pour rehausser votre s\u00e9jour \u00e0 Aquila Rithymna Village gr\u00e2ce \u00e0 un large \u00e9ventail de privil\u00e8ges. Exclusivit\u00e9s Mythica : Exclusivit\u00e9s [&hellip;]<\/p>\n","protected":false},"author":3,"featured_media":0,"parent":0,"menu_order":0,"comment_status":"closed","ping_status":"closed","template":"","meta":{"_et_pb_use_builder":"on","_et_pb_old_content":"","_et_gb_content_width":"","footnotes":""},"class_list":["post-4029","page","type-page","status-publish","hentry"],"_links":{"self":[{"href":"https:\/\/rithymnabeach.com\/fr\/wp-json\/wp\/v2\/pages\/4029","targetHints":{"allow":["GET"]}}],"collection":[{"href":"https:\/\/rithymnabeach.com\/fr\/wp-json\/wp\/v2\/pages"}],"about":[{"href":"https:\/\/rithymnabeach.com\/fr\/wp-json\/wp\/v2\/types\/page"}],"author":[{"embeddable":true,"href":"https:\/\/rithymnabeach.com\/fr\/wp-json\/wp\/v2\/users\/3"}],"replies":[{"embeddable":true,"href":"https:\/\/rithymnabeach.com\/fr\/wp-json\/wp\/v2\/comments?post=4029"}],"version-history":[{"count":3,"href":"https:\/\/rithymnabeach.com\/fr\/wp-json\/wp\/v2\/pages\/4029\/revisions"}],"predecessor-version":[{"id":10121,"href":"https:\/\/rithymnabeach.com\/fr\/wp-json\/wp\/v2\/pages\/4029\/revisions\/10121"}],"wp:attachment":[{"href":"https:\/\/rithymnabeach.com\/fr\/wp-json\/wp\/v2\/media?parent=4029"}],"curies":[{"name":"wp","href":"https:\/\/api.w.org\/{rel}","templated":true}]}}