{"id":4014,"date":"2024-11-28T21:53:26","date_gmt":"2024-11-28T21:53:26","guid":{"rendered":"https:\/\/rithymnabeach.com\/bestpreis-garantie\/"},"modified":"2025-06-11T09:44:23","modified_gmt":"2025-06-11T09:44:23","slug":"bestpreis-garantie","status":"publish","type":"page","link":"https:\/\/rithymnabeach.com\/de\/bestpreis-garantie\/","title":{"rendered":"Bestpreis-Garantie"},"content":{"rendered":"<p>[et_pb_section fb_built=&#8220;1&#8243; _builder_version=&#8220;4.27.2&#8243; _module_preset=&#8220;default&#8220; background_color=&#8220;#FFFFFF&#8220; background_enable_image=&#8220;off&#8220; background_blend=&#8220;overlay&#8220; min_height=&#8220;376.4px&#8220; custom_margin=&#8220;0px||0px||false|false&#8220; custom_padding=&#8220;0px||0px||false|false&#8220; locked=&#8220;off&#8220; global_colors_info=&#8220;{}&#8220;][et_pb_row _builder_version=&#8220;4.27.2&#8243; _module_preset=&#8220;default&#8220; width_tablet=&#8220;&#8220; width_phone=&#8220;90%&#8220; width_last_edited=&#8220;on|phone&#8220; custom_margin=&#8220;0px||0px||false|false&#8220; custom_padding=&#8220;120px||120px||false|false&#8220; global_colors_info=&#8220;{}&#8220;][et_pb_column type=&#8220;4_4&#8243; _builder_version=&#8220;4.24.3&#8243; _module_preset=&#8220;default&#8220; global_colors_info=&#8220;{}&#8220;][et_pb_text _builder_version=&#8220;4.27.2&#8243; _module_preset=&#8220;default&#8220; text_font=&#8220;|||on|||||&#8220; custom_margin=&#8220;0px||10px||false|false&#8220; custom_padding=&#8220;0px||0px||false|false&#8220; global_colors_info=&#8220;{}&#8220;]<\/p>\n<p style=\"text-align: center;\">unvergessliche Erfahrung<\/p>\n<p>[\/et_pb_text][et_pb_text module_class=&#8220;et_pb_slide_titleDifference&#8220; _builder_version=&#8220;4.27.2&#8243; _module_preset=&#8220;default&#8220; text_font=&#8220;|||on|||||&#8220; text_text_color=&#8220;#000000&#8243; text_font_size=&#8220;36px&#8220; text_letter_spacing=&#8220;1px&#8220; text_line_height=&#8220;1em&#8220; header_line_height=&#8220;1.1em&#8220; custom_margin=&#8220;0px||30px||false|false&#8220; custom_padding=&#8220;0px||0px||false|false&#8220; global_colors_info=&#8220;{}&#8220;]<\/p>\n<p style=\"text-align: center;\">Bestpreis-Garantie<\/p>\n<p>[\/et_pb_text][et_pb_text _builder_version=&#8220;4.27.2&#8243; _module_preset=&#8220;default&#8220; custom_margin=&#8220;0px||10px||false|false&#8220; custom_padding=&#8220;0px||0px||false|false&#8220; global_colors_info=&#8220;{}&#8220;]<\/p>\n<p style=\"text-align: center;\"><strong>Wir sind bestrebt, Ihnen einen au\u00dfergew\u00f6hnlichen Wert und ein unvergessliches Erlebnis zu bieten.<\/strong><\/p>\n<p>[\/et_pb_text][et_pb_text _builder_version=&#8220;4.27.0&#8243; _module_preset=&#8220;default&#8220; global_colors_info=&#8220;{}&#8220;]<\/p>\n<p style=\"text-align: center;\">Wenn Sie Ihren Aufenthalt direkt bei uns buchen &#8211; sei es \u00fcber unsere Website, durch einen Anruf bei unserem Reservierungsteam oder durch eine pers\u00f6nliche Kontaktaufnahme &#8211; erhalten Sie garantiert den bestm\u00f6glichen Preis. Sollten Sie auf einer anderen Website einen niedrigeren, \u00f6ffentlich zug\u00e4nglichen Preis f\u00fcr dieselbe Unterkunft und dasselbe Datum finden, f\u00fcllen Sie einfach innerhalb von 24 Stunden nach der Buchung auf unserer Website unser Online-Formular aus, und wir werden den Preis gerne anpassen. <\/p>\n<p>[\/et_pb_text][\/et_pb_column][\/et_pb_row][et_pb_row column_structure=&#8220;1_3,1_3,1_3&#8243; _builder_version=&#8220;4.27.4&#8243; _module_preset=&#8220;default&#8220; background_image=&#8220;https:\/\/rithymnabeach.com\/wp-content\/uploads\/2025\/06\/Rithymna_footer_benefitsrewards-_bestrateguarantee_1920_\u03c7_1080.jpg&#8220; parallax=&#8220;on&#8220; parallax_method=&#8220;off&#8220; width=&#8220;100%&#8220; max_width=&#8220;2560px&#8220; min_height=&#8220;780px&#8220; custom_margin=&#8220;-5px|auto||auto||&#8220; hover_enabled=&#8220;0&#8243; locked=&#8220;off&#8220; global_colors_info=&#8220;{}&#8220; background_last_edited=&#8220;on|desktop&#8220; title_text=&#8220;Rithymna_footer_benefits&#038;rewards_bestrateguarantee _450_\u03c7_600&#8243; sticky_enabled=&#8220;0&#8243; background_image_phone=&#8220;https:\/\/rithymnabeach.com\/wp-content\/uploads\/2025\/06\/Rithymna_footer_benefitsrewards_bestrateguarantee-_450_\u03c7_600.jpg&#8220; background_enable_image_phone=&#8220;on&#8220;][et_pb_column type=&#8220;1_3&#8243; _builder_version=&#8220;4.24.2&#8243; _module_preset=&#8220;default&#8220; global_colors_info=&#8220;{}&#8220;][\/et_pb_column][et_pb_column type=&#8220;1_3&#8243; _builder_version=&#8220;4.24.2&#8243; _module_preset=&#8220;default&#8220; global_colors_info=&#8220;{}&#8220;][\/et_pb_column][et_pb_column type=&#8220;1_3&#8243; _builder_version=&#8220;4.24.2&#8243; _module_preset=&#8220;default&#8220; global_colors_info=&#8220;{}&#8220;][\/et_pb_column][\/et_pb_row][\/et_pb_section]<\/p>\n","protected":false},"excerpt":{"rendered":"<p>unvergessliche ErfahrungBestpreis-GarantieWir sind bestrebt, Ihnen einen au\u00dfergew\u00f6hnlichen Wert und ein unvergessliches Erlebnis zu bieten.Wenn Sie Ihren Aufenthalt direkt bei uns buchen &#8211; sei es \u00fcber unsere Website, durch einen Anruf bei unserem Reservierungsteam oder durch eine pers\u00f6nliche Kontaktaufnahme &#8211; erhalten Sie garantiert den bestm\u00f6glichen Preis. Sollten Sie auf einer anderen Website einen niedrigeren, \u00f6ffentlich zug\u00e4nglichen [&hellip;]<\/p>\n","protected":false},"author":3,"featured_media":0,"parent":0,"menu_order":0,"comment_status":"closed","ping_status":"closed","template":"","meta":{"_et_pb_use_builder":"on","_et_pb_old_content":"","_et_gb_content_width":"","footnotes":""},"class_list":["post-4014","page","type-page","status-publish","hentry"],"_links":{"self":[{"href":"https:\/\/rithymnabeach.com\/de\/wp-json\/wp\/v2\/pages\/4014","targetHints":{"allow":["GET"]}}],"collection":[{"href":"https:\/\/rithymnabeach.com\/de\/wp-json\/wp\/v2\/pages"}],"about":[{"href":"https:\/\/rithymnabeach.com\/de\/wp-json\/wp\/v2\/types\/page"}],"author":[{"embeddable":true,"href":"https:\/\/rithymnabeach.com\/de\/wp-json\/wp\/v2\/users\/3"}],"replies":[{"embeddable":true,"href":"https:\/\/rithymnabeach.com\/de\/wp-json\/wp\/v2\/comments?post=4014"}],"version-history":[{"count":11,"href":"https:\/\/rithymnabeach.com\/de\/wp-json\/wp\/v2\/pages\/4014\/revisions"}],"predecessor-version":[{"id":9417,"href":"https:\/\/rithymnabeach.com\/de\/wp-json\/wp\/v2\/pages\/4014\/revisions\/9417"}],"wp:attachment":[{"href":"https:\/\/rithymnabeach.com\/de\/wp-json\/wp\/v2\/media?parent=4014"}],"curies":[{"name":"wp","href":"https:\/\/api.w.org\/{rel}","templated":true}]}}