{"id":3957,"date":"2024-11-16T10:04:27","date_gmt":"2024-11-16T10:04:27","guid":{"rendered":"https:\/\/rithymnabeach.com\/loyalitaetsclubs\/"},"modified":"2025-11-06T11:34:29","modified_gmt":"2025-11-06T11:34:29","slug":"loyalitaetsclubs","status":"publish","type":"page","link":"https:\/\/rithymnabeach.com\/de\/loyalitaetsclubs\/","title":{"rendered":"Loyalit\u00e4tsclubs"},"content":{"rendered":"<p>[et_pb_section fb_built=&#8220;1&#8243; _builder_version=&#8220;4.24.2&#8243; _module_preset=&#8220;default&#8220; background_color=&#8220;RGBA(255,255,255,0)&#8220; background_image=&#8220;https:\/\/rithymnabeach.com\/wp-content\/uploads\/2025\/01\/aquila_rithymna_beach_loyalty_clubs_banner.jpg&#8220; background_blend=&#8220;overlay&#8220; custom_padding=&#8220;||13px|||&#8220; filter_brightness=&#8220;93%&#8220; filter_contrast=&#8220;137%&#8220; filter_sepia=&#8220;40%&#8220; custom_css_main_element=&#8220;min-height:100vh;&#8220; locked=&#8220;off&#8220; global_colors_info=&#8220;{}&#8220;][\/et_pb_section][et_pb_section fb_built=&#8220;1&#8243; _builder_version=&#8220;4.27.4&#8243; _module_preset=&#8220;default&#8220; background_color=&#8220;#f3eee7&#8243; custom_margin=&#8220;||0px||false|false&#8220; custom_padding=&#8220;60px|0px|0px|0px|false|false&#8220; hover_enabled=&#8220;0&#8243; border_radii=&#8220;on|1px|1px|1px|1px&#8220; border_color_top=&#8220;#000000&#8243; border_style_top=&#8220;dotted&#8220; locked=&#8220;off&#8220; global_colors_info=&#8220;{}&#8220; sticky_enabled=&#8220;0&#8243;][et_pb_row _builder_version=&#8220;4.27.4&#8243; _module_preset=&#8220;default&#8220; width=&#8220;70%&#8220; max_width=&#8220;2560px&#8220; custom_margin=&#8220;0px||0px||false|false&#8220; custom_padding=&#8220;0px||80px||false|false&#8220; locked=&#8220;off&#8220; global_colors_info=&#8220;{}&#8220; background_color=&#8220;#f3eee7&#8243;][et_pb_column type=&#8220;4_4&#8243; _builder_version=&#8220;4.24.2&#8243; _module_preset=&#8220;default&#8220; global_colors_info=&#8220;{}&#8220;][et_pb_text content_tablet=&#8220;<\/p>\n<p style=%22text-align: center;%22>RETHYMNO CRETE<\/p>\n<div id=%22awebChromeHelper%22 data-version=%221.23.2%22><\/div>\n<p>&#8220; content_phone=&#8220;<\/p>\n<p style=%22text-align: center;%22>TREUEPROGRAMME<\/p>\n<p>&#8220; content_last_edited=&#8220;on|phone&#8220; _builder_version=&#8220;4.27.4&#8243; _module_preset=&#8220;default&#8220; text_font=&#8220;|||on|||||&#8220; text_text_color=&#8220;#313131&#8243; min_height=&#8220;31.8px&#8220; custom_margin=&#8220;30px||0px||false|false&#8220; custom_padding=&#8220;0px||10px||false|false&#8220; locked=&#8220;off&#8220; global_colors_info=&#8220;{}&#8220;]<\/p>\n<p style=\"text-align: center;\">TREUEPROGRAMME<\/p>\n<p>[\/et_pb_text][et_pb_text module_class=&#8220;italiana-regular&#8220; _builder_version=&#8220;4.27.4&#8243; _module_preset=&#8220;default&#8220; text_text_color=&#8220;#313131&#8243; text_font_size=&#8220;32px&#8220; text_line_height=&#8220;1em&#8220; custom_margin=&#8220;0px||0px||false|false&#8220; custom_padding=&#8220;0px||15px||false|false&#8220; locked=&#8220;off&#8220; global_colors_info=&#8220;{}&#8220;]<\/p>\n<p style=\"text-align: center;\">Ihre Loyalit\u00e4t, reich belohnt<\/p>\n<p>[\/et_pb_text][et_pb_text _builder_version=&#8220;4.27.4&#8243; _module_preset=&#8220;default&#8220; locked=&#8220;off&#8220; global_colors_info=&#8220;{}&#8220; module_class=&#8220;mainTextWeight&#8220; text_font_size=&#8220;18px&#8220; text_line_height=&#8220;1.8em&#8220;]<\/p>\n<p style=\"text-align: center;\">Je \u00f6fter Sie Aquila Hotels &amp; Resorts besuchen, desto besser wird es! <br \/>Entdecken Sie unsere exklusiven, mehrstufigen Treueprogramme &#8222;More is More&#8220; und &#8222;Best of the Best&#8220;, die Ihren Aufenthalt verbessern und Ihnen eine Welt voller Privilegien und lohnender Erfahrungen er\u00f6ffnen.<\/p>\n<p>[\/et_pb_text][\/et_pb_column][\/et_pb_row][et_pb_row column_structure=&#8220;1_2,1_2&#8243; _builder_version=&#8220;4.27.2&#8243; _module_preset=&#8220;default&#8220; background_color=&#8220;RGBA(255,255,255,0)&#8220; width_tablet=&#8220;70%&#8220; width_phone=&#8220;90%&#8220; width_last_edited=&#8220;on|phone&#8220; max_width=&#8220;2560px&#8220; custom_margin=&#8220;0px||0px||false|false&#8220; custom_padding=&#8220;0px|0px|60px|0px|false|false&#8220; locked=&#8220;off&#8220; global_colors_info=&#8220;{}&#8220;][et_pb_column type=&#8220;1_2&#8243; _builder_version=&#8220;4.27.0&#8243; _module_preset=&#8220;default&#8220; custom_padding=&#8220;|0px||0px|false|false&#8220; global_colors_info=&#8220;{}&#8220;][et_pb_text module_class=&#8220;mainTitleHome&#8220; _builder_version=&#8220;4.24.2&#8243; _module_preset=&#8220;default&#8220; text_font=&#8220;|||on|||||&#8220; text_text_color=&#8220;#313131&#8243; text_line_height=&#8220;1.2em&#8220; custom_margin=&#8220;120px|0px|5px|0px|false|false&#8220; custom_margin_tablet=&#8220;120px|0px|20px|0px|false|false&#8220; custom_margin_phone=&#8220;0px||5px||false|false&#8220; custom_margin_last_edited=&#8220;on|phone&#8220; custom_padding=&#8220;0px|0px|0px|0px|false|false&#8220; locked=&#8220;off&#8220; global_colors_info=&#8220;{}&#8220;]<\/p>\n<p>Der beste der besten Treueclubs<\/p>\n<div id=\"awebChromeHelper\" data-version=\"1.23.2\"><\/div>\n<p>[\/et_pb_text][et_pb_text module_class=&#8220;italiana-regular&#8220; _builder_version=&#8220;4.27.4&#8243; _module_preset=&#8220;default&#8220; text_text_color=&#8220;#313131&#8243; text_font_size=&#8220;32px&#8220; text_line_height=&#8220;1.2em&#8220; custom_margin=&#8220;0px||20px||false|false&#8220; custom_padding=&#8220;0px||||false|false&#8220; locked=&#8220;off&#8220; global_colors_info=&#8220;{}&#8220;]<\/p>\n<p>Ihr Pass f\u00fcr exklusive Belohnungen<\/p>\n<p>[\/et_pb_text][et_pb_text _builder_version=&#8220;4.27.0&#8243; _module_preset=&#8220;default&#8220; custom_margin=&#8220;||10px||false|false&#8220; custom_padding=&#8220;|20px|||false|false&#8220; global_colors_info=&#8220;{}&#8220;]<\/p>\n<p>Werden Sie Mitglied in unserem Best of the Best Loyalty Club und erhalten Sie Zugang zu Sonderangeboten und Pr\u00e4mien bei Aquila Hotels &#038; Resorts!<\/p>\n<p>Je mehr Sie die bezaubernde Insel Kreta erkunden, desto tiefer wird Ihre Verbindung. Wir bei Aquila Hotels &#038; Resorts wissen Ihre Treue zu sch\u00e4tzen und m\u00f6chten jeden Aufenthalt noch lohnender machen, indem wir Ihnen die M\u00f6glichkeit bieten, die vielf\u00e4ltige Sch\u00f6nheit und die reichhaltigen Erfahrungen, die diese Insel zu bieten hat, zu entdecken. Unser Best of the Best Loyalty Club bietet eine Reihe von exklusiven Vorteilen und Privilegien, die Ihren Aufenthalt in unseren hervorragenden Hotels auf Kreta bereichern: Aquila Atlantis, Aquila Elounda Village, Aquila Porto Rethymno, Aquila Rithymna, Sundance Apts. Suiten.   <\/p>\n<p>Als Clubmitglied sammeln Sie bei jedem Aufenthalt Sterne (Punkte), je nach Art Ihrer Unterkunft. Diese Sterne k\u00f6nnen f\u00fcr kostenlose Mahlzeiten, Getr\u00e4nke, \u00dcbernachtungen und sogar Spa-Behandlungen in einem unserer Aquila Hotels &#038; Resorts oder City Hotels eingel\u00f6st werden. <\/p>\n<p>[\/et_pb_text][et_pb_text _builder_version=&#8220;4.27.0&#8243; _module_preset=&#8220;default&#8220; custom_padding=&#8220;|20px|||false|false&#8220; global_colors_info=&#8220;{}&#8220;]<\/p>\n<p><a href=\"https:\/\/bbclub.aquilahotels.com\/\" target=\"_blank\" rel=\"noopener\"><span style=\"text-decoration: underline;\">Mehr entdecken<\/span><\/a><\/p>\n<div id=\"awebChromeHelper\"><\/div>\n<p>[\/et_pb_text][\/et_pb_column][et_pb_column type=&#8220;1_2&#8243; _builder_version=&#8220;4.27.0&#8243; _module_preset=&#8220;default&#8220; global_colors_info=&#8220;{}&#8220;][et_pb_image src=&#8220;https:\/\/rithymnabeach.com\/wp-content\/uploads\/2025\/01\/aquila_rithymna_beach_loyalty_clubs_best_of_the_best.jpg&#8220; title_text=&#8220;aquila_rithymna_strand_loyalitaet_clubs_beste_der_besten&#8220; _builder_version=&#8220;4.24.2&#8243; _module_preset=&#8220;default&#8220; custom_padding=&#8220;0px|0px|0px|0px|false|false&#8220; locked=&#8220;off&#8220; global_colors_info=&#8220;{}&#8220;][\/et_pb_image][\/et_pb_column][\/et_pb_row][et_pb_row column_structure=&#8220;1_2,1_2&#8243; _builder_version=&#8220;4.27.4&#8243; _module_preset=&#8220;default&#8220; background_color=&#8220;RGBA(255,255,255,0)&#8220; width_tablet=&#8220;70%&#8220; width_phone=&#8220;90%&#8220; width_last_edited=&#8220;on|phone&#8220; max_width=&#8220;2560px&#8220; custom_margin=&#8220;0px||60px||false|false&#8220; custom_padding=&#8220;0px|0px|0px|0px|false|false&#8220; locked=&#8220;off&#8220; global_colors_info=&#8220;{}&#8220;][et_pb_column type=&#8220;1_2&#8243; _builder_version=&#8220;4.27.0&#8243; _module_preset=&#8220;default&#8220; custom_padding=&#8220;|0px||0px|false|false&#8220; global_colors_info=&#8220;{}&#8220;][et_pb_text module_class=&#8220;mainTitleHome&#8220; _builder_version=&#8220;4.24.2&#8243; _module_preset=&#8220;default&#8220; text_font=&#8220;|||on|||||&#8220; text_text_color=&#8220;#313131&#8243; text_line_height=&#8220;1.2em&#8220; custom_margin=&#8220;120px|0px|5px|0px|false|false&#8220; custom_margin_tablet=&#8220;120px|0px|20px|0px|false|false&#8220; custom_margin_phone=&#8220;0px||5px||false|false&#8220; custom_margin_last_edited=&#8220;on|phone&#8220; custom_padding=&#8220;0px|0px|0px|0px|false|false&#8220; locked=&#8220;off&#8220; global_colors_info=&#8220;{}&#8220;]<\/p>\n<p>Mehr ist mehr Loyalit\u00e4tsclub<\/p>\n<p>[\/et_pb_text][et_pb_text admin_label=&#8220;Text&#8220; module_class=&#8220;italiana-regular&#8220; _builder_version=&#8220;4.27.0&#8243; _module_preset=&#8220;default&#8220; text_text_color=&#8220;#313131&#8243; text_font_size=&#8220;32px&#8220; text_line_height=&#8220;1.2em&#8220; custom_margin=&#8220;0px||20px||false|false&#8220; custom_padding=&#8220;0px||||false|false&#8220; locked=&#8220;off&#8220; global_colors_info=&#8220;{}&#8220;]Belohnungen f\u00fcr Ihr Unternehmen[\/et_pb_text][et_pb_text admin_label=&#8220;Text&#8220; _builder_version=&#8220;4.27.0&#8243; _module_preset=&#8220;default&#8220; custom_margin=&#8220;||10px||false|false&#8220; custom_padding=&#8220;|20px|||false|false&#8220; global_colors_info=&#8220;{}&#8220;]<\/p>\n<p>More is More ist mehr als nur ein Pr\u00e4mienprogramm; es ist unsere Verpflichtung, au\u00dfergew\u00f6hnlichen Wert zu bieten und dauerhafte Partnerschaften mit unseren <span>gesch\u00e4tzten<\/span> Gesch\u00e4ftskunden aufzubauen.<\/p>\n<p>Wir bei Aquila Hotels &#038; Resorts sch\u00e4tzen Ihr Gesch\u00e4ft und bem\u00fchen uns, au\u00dfergew\u00f6hnliche Erlebnisse f\u00fcr Ihre Meetings und Veranstaltungen zu schaffen. Unser More is More Business Programm belohnt Ihre Treue mit einer Reihe von exklusiven Vorteilen und Privilegien. Jedes Mal, wenn Sie eine Gesch\u00e4ftsveranstaltung in einem unserer renommierten Hotels und Resorts buchen, sammeln Sie Punkte, die Sie f\u00fcr zuk\u00fcnftige Veranstaltungen einl\u00f6sen k\u00f6nnen.    <\/p>\n<p>Diese Punkte werden auf Ihrer personalisierten More is More Business-Karte gesammelt und k\u00f6nnen innerhalb von zwei Jahren ausschlie\u00dflich von Einzelpersonen, Freiberuflern und privaten Unternehmen (oder Firmenmitarbeitern, die von ihrem Unternehmen mit den entsprechenden Unterlagen best\u00e4tigt wurden) verwendet werden.<\/p>\n<p>[\/et_pb_text][et_pb_text _builder_version=&#8220;4.27.0&#8243; _module_preset=&#8220;default&#8220; custom_padding=&#8220;|20px|||false|false&#8220; global_colors_info=&#8220;{}&#8220;]<\/p>\n<p><a href=\"https:\/\/moreismore.gr\/loginForm.asp\" target=\"_blank\" rel=\"noopener\"><span style=\"text-decoration: underline;\">Mehr entdecken<\/span><\/a><\/p>\n<div id=\"awebChromeHelper\"><\/div>\n<div id=\"awebChromeHelper\" data-version=\"1.23.2\"><\/div>\n<p>[\/et_pb_text][\/et_pb_column][et_pb_column type=&#8220;1_2&#8243; _builder_version=&#8220;4.27.0&#8243; _module_preset=&#8220;default&#8220; global_colors_info=&#8220;{}&#8220;][et_pb_image src=&#8220;https:\/\/rithymnabeach.com\/wp-content\/uploads\/2025\/01\/aquila_rithymna_beach_loyalty_clubs_more_is_more.jpg&#8220; title_text=&#8220;aquila_rithymna_strand_loyalitaet_clubs_mehr_ist_mehr&#8220; _builder_version=&#8220;4.24.2&#8243; _module_preset=&#8220;default&#8220; custom_margin=&#8220;|0px||0px|false|false&#8220; custom_padding=&#8220;|0px||0px|false|false&#8220; locked=&#8220;off&#8220; global_colors_info=&#8220;{}&#8220;][\/et_pb_image][\/et_pb_column][\/et_pb_row][\/et_pb_section][et_pb_section fb_built=&#8220;1&#8243; disabled_on=&#8220;off|off|on&#8220; module_class=&#8220;stickyBook&#8220; _builder_version=&#8220;4.27.2&#8243; _module_preset=&#8220;default&#8220; background_color=&#8220;#b6a486&#8243; custom_margin=&#8220;0px||0px||false|false&#8220; custom_padding=&#8220;0px||0px||false|false&#8220; locked=&#8220;off&#8220; global_colors_info=&#8220;{}&#8220;][et_pb_row _builder_version=&#8220;4.27.0&#8243; _module_preset=&#8220;default&#8220; custom_margin=&#8220;0px||0px||false|false&#8220; custom_padding=&#8220;10px||10px||false|false&#8220; global_colors_info=&#8220;{}&#8220;][et_pb_column type=&#8220;4_4&#8243; _builder_version=&#8220;4.27.0&#8243; _module_preset=&#8220;default&#8220; global_colors_info=&#8220;{}&#8220;][et_pb_button button_url=&#8220;@ET-DC@eyJkeW5hbWljIjp0cnVlLCJjb250ZW50IjoicG9zdF9saW5rX3VybF9wYWdlIiwic2V0dGluZ3MiOnsicG9zdF9pZCI6IjI1NDAifX0=@&#8220; button_text=&#8220;Preise pr\u00fcfen&#8220; button_alignment=&#8220;center&#8220; admin_label=&#8220;Button&#8220; _builder_version=&#8220;4.27.2&#8243; _dynamic_attributes=&#8220;button_url&#8220; _module_preset=&#8220;default&#8220; custom_button=&#8220;on&#8220; button_text_size=&#8220;17px&#8220; button_text_color=&#8220;#FFFFFF&#8220; button_bg_color=&#8220;#b6a486&#8243; button_border_color=&#8220;rgba(182,164,134,0.66)&#8220; custom_margin=&#8220;0px||0px||false|false&#8220; locked=&#8220;off&#8220; global_colors_info=&#8220;{}&#8220;][\/et_pb_button][\/et_pb_column][\/et_pb_row][\/et_pb_section]<\/p>\n","protected":false},"excerpt":{"rendered":"<p>TREUEPROGRAMMEIhre Loyalit\u00e4t, reich belohntJe \u00f6fter Sie Aquila Hotels &amp; Resorts besuchen, desto besser wird es! Entdecken Sie unsere exklusiven, mehrstufigen Treueprogramme &#8222;More is More&#8220; und &#8222;Best of the Best&#8220;, die Ihren Aufenthalt verbessern und Ihnen eine Welt voller Privilegien und lohnender Erfahrungen er\u00f6ffnen.Der beste der besten Treueclubs Ihr Pass f\u00fcr exklusive BelohnungenWerden Sie Mitglied in [&hellip;]<\/p>\n","protected":false},"author":3,"featured_media":0,"parent":0,"menu_order":0,"comment_status":"closed","ping_status":"closed","template":"","meta":{"_et_pb_use_builder":"on","_et_pb_old_content":"","_et_gb_content_width":"","footnotes":""},"class_list":["post-3957","page","type-page","status-publish","hentry"],"_links":{"self":[{"href":"https:\/\/rithymnabeach.com\/de\/wp-json\/wp\/v2\/pages\/3957","targetHints":{"allow":["GET"]}}],"collection":[{"href":"https:\/\/rithymnabeach.com\/de\/wp-json\/wp\/v2\/pages"}],"about":[{"href":"https:\/\/rithymnabeach.com\/de\/wp-json\/wp\/v2\/types\/page"}],"author":[{"embeddable":true,"href":"https:\/\/rithymnabeach.com\/de\/wp-json\/wp\/v2\/users\/3"}],"replies":[{"embeddable":true,"href":"https:\/\/rithymnabeach.com\/de\/wp-json\/wp\/v2\/comments?post=3957"}],"version-history":[{"count":10,"href":"https:\/\/rithymnabeach.com\/de\/wp-json\/wp\/v2\/pages\/3957\/revisions"}],"predecessor-version":[{"id":10411,"href":"https:\/\/rithymnabeach.com\/de\/wp-json\/wp\/v2\/pages\/3957\/revisions\/10411"}],"wp:attachment":[{"href":"https:\/\/rithymnabeach.com\/de\/wp-json\/wp\/v2\/media?parent=3957"}],"curies":[{"name":"wp","href":"https:\/\/api.w.org\/{rel}","templated":true}]}}