{"id":3619,"date":"2024-12-03T19:37:37","date_gmt":"2024-12-03T19:37:37","guid":{"rendered":"https:\/\/rithymnabeach.com\/klassischer-bungalow-seitlicher-meerblick\/"},"modified":"2025-05-26T18:02:48","modified_gmt":"2025-05-26T18:02:48","slug":"klassischer-bungalow-seitlicher-meerblick","status":"publish","type":"page","link":"https:\/\/rithymnabeach.com\/de\/klassischer-bungalow-seitlicher-meerblick\/","title":{"rendered":"Klassischer Bungalow, seitlicher Meerblick"},"content":{"rendered":"<p>[et_pb_section fb_built=&#8220;1&#8243; _builder_version=&#8220;4.26.0&#8243; _module_preset=&#8220;default&#8220; background_color=&#8220;#f3eee7&#8243; custom_margin=&#8220;-140px||||false|false&#8220; custom_padding=&#8220;0px||0px|||&#8220; global_colors_info=&#8220;{}&#8220;][et_pb_row _builder_version=&#8220;4.24.3&#8243; _module_preset=&#8220;default&#8220; width=&#8220;100%&#8220; max_width=&#8220;2560px&#8220; custom_padding=&#8220;0px||0px|||&#8220; global_colors_info=&#8220;{}&#8220;][et_pb_column type=&#8220;4_4&#8243; _builder_version=&#8220;4.24.3&#8243; _module_preset=&#8220;default&#8220; global_colors_info=&#8220;{}&#8220;][et_pb_slider _builder_version=&#8220;4.24.2&#8243; _module_preset=&#8220;_initial&#8220; header_text_color=&#8220;#FFFFFF&#8220; header_letter_spacing=&#8220;1px&#8220; body_text_color=&#8220;#FFFFFF&#8220; background_enable_image=&#8220;off&#8220; background_position=&#8220;bottom_center&#8220; min_height=&#8220;930px&#8220; min_height_tablet=&#8220;500px&#8220; min_height_phone=&#8220;400px&#8220; min_height_last_edited=&#8220;on|desktop&#8220; locked=&#8220;off&#8220; global_colors_info=&#8220;{}&#8220;][et_pb_slide _builder_version=&#8220;4.24.2&#8243; _module_preset=&#8220;_initial&#8220; background_image=&#8220;https:\/\/rithymnabeach.com\/wp-content\/uploads\/2024\/12\/rithymna_beach_classic_bungalow_side_seaview_banner.jpg&#8220; background_enable_image=&#8220;on&#8220; parallax=&#8220;on&#8220; width=&#8220;100%&#8220; locked=&#8220;off&#8220; global_colors_info=&#8220;{}&#8220; sticky_transition=&#8220;on&#8220;][\/et_pb_slide][\/et_pb_slider][\/et_pb_column][\/et_pb_row][\/et_pb_section][et_pb_section fb_built=&#8220;1&#8243; _builder_version=&#8220;4.26.0&#8243; _module_preset=&#8220;default&#8220; background_color=&#8220;#f3eee7&#8243; custom_margin=&#8220;0px||0px||false|false&#8220; custom_padding=&#8220;100px||2px||false|false&#8220; global_colors_info=&#8220;{}&#8220;][et_pb_row _builder_version=&#8220;4.27.0&#8243; _module_preset=&#8220;default&#8220; width=&#8220;70%&#8220; width_tablet=&#8220;&#8220; width_phone=&#8220;90%&#8220; width_last_edited=&#8220;on|phone&#8220; max_width=&#8220;2560px&#8220; custom_padding=&#8220;0px||1px|||&#8220; global_colors_info=&#8220;{}&#8220;][et_pb_column type=&#8220;4_4&#8243; _builder_version=&#8220;4.26.0&#8243; _module_preset=&#8220;default&#8220; global_colors_info=&#8220;{}&#8220;][et_pb_text module_class=&#8220;italiana-regular&#8220; _builder_version=&#8220;4.24.2&#8243; _module_preset=&#8220;default&#8220; text_text_color=&#8220;#313131&#8243; text_font_size=&#8220;32px&#8220; text_line_height=&#8220;1.2em&#8220; min_height=&#8220;43.8px&#8220; custom_margin=&#8220;||30px||false|false&#8220; custom_padding=&#8220;||||false|false&#8220; locked=&#8220;off&#8220; global_colors_info=&#8220;{}&#8220;]<\/p>\n<p>Klassischer Bungalow, seitlicher Meerblick<\/p>\n<div id=\"awebChromeHelper\"><\/div>\n<div id=\"awebChromeHelper\"><\/div>\n<p>[\/et_pb_text][\/et_pb_column][\/et_pb_row][et_pb_row column_structure=&#8220;3_5,2_5&#8243; _builder_version=&#8220;4.27.0&#8243; _module_preset=&#8220;default&#8220; width=&#8220;70%&#8220; width_tablet=&#8220;&#8220; width_phone=&#8220;90%&#8220; width_last_edited=&#8220;on|phone&#8220; max_width=&#8220;2560px&#8220; custom_padding=&#8220;0px||50px||false|false&#8220; global_colors_info=&#8220;{}&#8220;][et_pb_column type=&#8220;3_5&#8243; _builder_version=&#8220;4.26.0&#8243; _module_preset=&#8220;default&#8220; global_colors_info=&#8220;{}&#8220;][et_pb_text _builder_version=&#8220;4.24.2&#8243; _module_preset=&#8220;default&#8220; global_colors_info=&#8220;{}&#8220;]Unsere Classic Bungalows liegen im Herzen unseres &#8222;Kretischen Dorfes&#8220;, in der N\u00e4he der Kirche. Sie sind offen gestaltet und vermitteln ein Gef\u00fchl der Zusammengeh\u00f6rigkeit, w\u00e4hrend separate Bereiche f\u00fcr Privatsph\u00e4re sorgen. Genie\u00dfen Sie die Annehmlichkeiten eines privateren Wohnzimmers, das mit einer einzigartigen Mischung aus Komfort und kretischem Stil eingerichtet ist, sowie sch\u00f6ne G\u00e4rten und private Terrassen. Gehen Sie nach drau\u00dfen und entdecken Sie die leuchtenden Farben und D\u00fcfte der nat\u00fcrlichen Sch\u00f6nheit Kretas.[\/et_pb_text][et_pb_button button_url=&#8220;https:\/\/aquilarithymnabeach.reserve-online.net\/?_ga=2.137828023.62941901.1731748810-1726060018.1708244718&#038;_gl=1*1c43asp*_gcl_au*OTUxMDE0OC4xNzI0NDkxMTY2*_ga*MTcyNjA2MDAxOC4xNzA4MjQ0NzE4*_ga_69FFLPKHE9*MTczMTc1MDY3Ny4yNC4xLjE3MzE3NTA2ODcuNTAuMC4w&#8220; url_new_window=&#8220;on&#8220; button_text=&#8220;Preise pr\u00fcfen&#8220; admin_label=&#8220;Button&#8220; module_class=&#8220;fullwidthBTN&#8220; _builder_version=&#8220;4.24.2&#8243; _module_preset=&#8220;default&#8220; custom_button=&#8220;on&#8220; button_text_size=&#8220;17px&#8220; button_text_color=&#8220;#FFFFFF&#8220; button_bg_color=&#8220;rgba(182,164,134,0.66)&#8220; button_border_color=&#8220;rgba(182,164,134,0.66)&#8220; custom_margin=&#8220;10px||0px||false|false&#8220; custom_padding=&#8220;||||false|false&#8220; locked=&#8220;off&#8220; global_colors_info=&#8220;{}&#8220;][\/et_pb_button][\/et_pb_column][et_pb_column type=&#8220;2_5&#8243; _builder_version=&#8220;4.26.0&#8243; _module_preset=&#8220;default&#8220; global_colors_info=&#8220;{}&#8220;][et_pb_text _builder_version=&#8220;4.27.4&#8243; _module_preset=&#8220;default&#8220; text_line_height=&#8220;2.3em&#8220; custom_margin=&#8220;||-1px|||&#8220; custom_padding=&#8220;0px||9px||false|false&#8220; border_radii=&#8220;on|1px|1px|1px|1px&#8220; border_width_bottom=&#8220;1px&#8220; border_color_bottom=&#8220;#b6a486&#8243; global_colors_info=&#8220;{}&#8220;]<\/p>\n<p><strong><img decoding=\"async\" src=\"https:\/\/rithymnabeach.com\/wp-content\/uploads\/2024\/12\/eye-1.png\" width=\"16\" height=\"16\" alt=\"\" class=\"wp-image-1759 alignnone size-full\"><\/strong>  Gartenblick<br \/><img decoding=\"async\" src=\"https:\/\/rithymnabeach.com\/wp-content\/uploads\/2024\/12\/A-adult.png\" width=\"16\" height=\"16\" alt=\"\" class=\"wp-image-1759 alignnone size-full\"> Maximal 3 Erwachsene<br \/><img decoding=\"async\" src=\"https:\/\/rithymnabeach.com\/wp-content\/uploads\/2024\/12\/a-arrow.png\" width=\"16\" height=\"16\" alt=\"\" class=\"wp-image-1759 alignnone size-full\"> 31 m\u00b2 Gesamtfl\u00e4che<br \/><img decoding=\"async\" src=\"https:\/\/rithymnabeach.com\/wp-content\/uploads\/2024\/12\/a-bed.png\" width=\"16\" height=\"16\" alt=\"\" class=\"wp-image-1759 alignnone size-full\">King Size Bett oder 2 Einzelbetten<\/p>\n<p>[\/et_pb_text][et_pb_button button_url=&#8220;https:\/\/rithymnabeach.com\/wp-content\/uploads\/2025\/05\/Classic_-Bungalow_Side_-Sea_View.pdf&#8220; url_new_window=&#8220;on&#8220; button_text=&#8220;Ansicht Grundriss&#8220; _builder_version=&#8220;4.27.4&#8243; _module_preset=&#8220;default&#8220; custom_button=&#8220;on&#8220; button_text_size=&#8220;14px&#8220; button_text_color=&#8220;#b6a486&#8243; button_bg_color=&#8220;RGBA(255,255,255,0)&#8220; button_border_color=&#8220;#b6a486&#8243; button_icon=&#8220;&#x22;||divi||400&#8243; button_icon_color=&#8220;#b6a486&#8243; button_on_hover=&#8220;off&#8220; custom_margin=&#8220;16px||15px||false|false&#8220; hover_enabled=&#8220;0&#8243; global_colors_info=&#8220;{}&#8220; sticky_enabled=&#8220;0&#8243;][\/et_pb_button][\/et_pb_column][\/et_pb_row][et_pb_row _builder_version=&#8220;4.24.2&#8243; _module_preset=&#8220;default&#8220; background_color=&#8220;RGBA(255,255,255,0)&#8220; width=&#8220;100%&#8220; width_tablet=&#8220;70%&#8220; width_phone=&#8220;90%&#8220; width_last_edited=&#8220;on|phone&#8220; max_width=&#8220;2560px&#8220; custom_padding=&#8220;0px|||||&#8220; global_colors_info=&#8220;{}&#8220;][et_pb_column type=&#8220;4_4&#8243; _builder_version=&#8220;4.24.2&#8243; _module_preset=&#8220;default&#8220; global_colors_info=&#8220;{}&#8220;][et_pb_text _builder_version=&#8220;4.24.2&#8243; _module_preset=&#8220;default&#8220; global_colors_info=&#8220;{}&#8220;]<\/p>\n<div id=\"metaslider-id-1528\" style=\"width: 100%;\" class=\"ml-slider-3-107-0 metaslider metaslider-flex metaslider-1528 ml-slider has-carousel-mode ms-theme-default-base nav-hidden\" role=\"region\" aria-label=\"5_classic_bungalow_side_sea_view\" data-height=\"500\" data-width=\"700\">\n    <div id=\"metaslider_container_1528\">\n        <div id=\"metaslider_1528\">\n            <ul class='slides'>\n                <li style=\"display: none; width: 100%;\" class=\"slide-1539 ms-image \" aria-roledescription=\"slide\" data-date=\"2024-12-16 11:41:30\" data-filename=\"rithymna_beach_classic_bungalow_side_sea_view_1-700x500.jpg\" data-slide-type=\"image\"><img decoding=\"async\" src=\"https:\/\/rithymnabeach.com\/wp-content\/uploads\/2024\/12\/rithymna_beach_classic_bungalow_side_sea_view_1-700x500.jpg\" height=\"500\" width=\"700\" alt=\"\" class=\"slider-1528 slide-1539 msDefaultImage\" title=\"rithymna_beach_classic_bungalow_side_sea_view_1\" \/><\/li>\n                <li style=\"display: none; width: 100%;\" class=\"slide-1540 ms-image \" aria-roledescription=\"slide\" data-date=\"2024-12-16 11:41:30\" data-filename=\"rithymna_beach_classic_bungalow_side_sea_view_2-700x500.jpg\" data-slide-type=\"image\"><img decoding=\"async\" src=\"https:\/\/rithymnabeach.com\/wp-content\/uploads\/2024\/12\/rithymna_beach_classic_bungalow_side_sea_view_2-700x500.jpg\" height=\"500\" width=\"700\" alt=\"\" class=\"slider-1528 slide-1540 msDefaultImage\" title=\"rithymna_beach_classic_bungalow_side_sea_view_2\" \/><\/li>\n                <li style=\"display: none; width: 100%;\" class=\"slide-1541 ms-image \" aria-roledescription=\"slide\" data-date=\"2024-12-16 11:41:30\" data-filename=\"rithymna_beach_classic_bungalow_side_sea_view_3-700x500.jpg\" data-slide-type=\"image\"><img decoding=\"async\" src=\"https:\/\/rithymnabeach.com\/wp-content\/uploads\/2024\/12\/rithymna_beach_classic_bungalow_side_sea_view_3-700x500.jpg\" height=\"500\" width=\"700\" alt=\"\" class=\"slider-1528 slide-1541 msDefaultImage\" title=\"rithymna_beach_classic_bungalow_side_sea_view_3\" \/><\/li>\n                <li style=\"display: none; width: 100%;\" class=\"slide-9653 ms-image \" aria-roledescription=\"slide\" data-date=\"2025-07-22 23:07:05\" data-filename=\"Classic_bungalow_side_sea_view_1600x1050_gallery-700x500.jpg\" data-slide-type=\"image\"><img decoding=\"async\" src=\"https:\/\/rithymnabeach.com\/wp-content\/uploads\/2025\/07\/Classic_bungalow_side_sea_view_1600x1050_gallery-700x500.jpg\" height=\"500\" width=\"700\" alt=\"\" class=\"slider-1528 slide-9653 msDefaultImage\" title=\"Classic_bungalow_side_sea_view_1600x1050_gallery\" \/><\/li>\n                <li style=\"display: none; width: 100%;\" class=\"slide-1542 ms-image \" aria-roledescription=\"slide\" data-date=\"2024-12-16 11:41:31\" data-filename=\"rithymna_beach_classic_bungalow_side_sea_view_4-700x500.jpg\" data-slide-type=\"image\"><img decoding=\"async\" src=\"https:\/\/rithymnabeach.com\/wp-content\/uploads\/2024\/12\/rithymna_beach_classic_bungalow_side_sea_view_4-700x500.jpg\" height=\"500\" width=\"700\" alt=\"\" class=\"slider-1528 slide-1542 msDefaultImage\" title=\"rithymna_beach_classic_bungalow_side_sea_view_4\" \/><\/li>\n            <\/ul>\n        <\/div>\n        \n    <\/div>\n<\/div>\n<p>[\/et_pb_text][\/et_pb_column][\/et_pb_row][\/et_pb_section][et_pb_section fb_built=&#8220;1&#8243; _builder_version=&#8220;4.26.0&#8243; _module_preset=&#8220;default&#8220; custom_padding=&#8220;50px||50px||false|false&#8220; global_colors_info=&#8220;{}&#8220;][et_pb_row _builder_version=&#8220;4.27.0&#8243; _module_preset=&#8220;default&#8220; background_color=&#8220;#FFFFFF&#8220; width=&#8220;70%&#8220; width_tablet=&#8220;&#8220; width_phone=&#8220;90%&#8220; width_last_edited=&#8220;on|phone&#8220; max_width=&#8220;2560px&#8220; custom_margin=&#8220;||||false|false&#8220; custom_padding=&#8220;||||false|false&#8220; global_colors_info=&#8220;{}&#8220;][et_pb_column type=&#8220;4_4&#8243; _builder_version=&#8220;4.24.3&#8243; _module_preset=&#8220;default&#8220; global_colors_info=&#8220;{}&#8220;][et_pb_text module_class=&#8220;et_pb_slide_titleDifference&#8220; _builder_version=&#8220;4.27.0&#8243; _module_preset=&#8220;default&#8220; text_text_color=&#8220;#313131&#8243; text_font_size=&#8220;26px&#8220; text_letter_spacing=&#8220;1px&#8220; text_line_height=&#8220;1.5em&#8220; custom_margin=&#8220;0px|0px|0px|0px|false|false&#8220; custom_padding=&#8220;0px|0px|0px|0px|false|false&#8220; locked=&#8220;off&#8220; global_colors_info=&#8220;{}&#8220;]<\/p>\n<p>Alle Aufenthalte beinhalten<\/p>\n<p>[\/et_pb_text][et_pb_text _builder_version=&#8220;4.27.4&#8243; _module_preset=&#8220;default&#8220; custom_margin=&#8220;0px|0px|0px|0px|false|false&#8220; custom_padding=&#8220;0px|0px|0px|0px|false|false&#8220; global_colors_info=&#8220;{}&#8220;]<\/p>\n<ul>\n<li>Ausgew\u00e4hlte Toilettenartikel und Badutensilien<\/li>\n<li>Badem\u00e4ntel<\/li>\n<li>Haartrockner<\/li>\n<li>Wahl des Kissens<\/li>\n<li>Strandt\u00fccher<\/li>\n<li>Tee-\/Kaffeekocher<\/li>\n<li>Bankschlie\u00dffach<\/li>\n<li>Direktwahl-Telefon<\/li>\n<li>Satelliten-LCD-Flachbildschirm-TV mit integriertem Radio und Musikkan\u00e4len<\/li>\n<li>Minibar<\/li>\n<li>Klimatisierung\/Heizung<\/li>\n<li><span style=\"font-size: 16px;\">Willkommensgru\u00df bei der Ankunft<\/span><\/li>\n<li>Zugang zu allen Freizeiteinrichtungen wie dem beheizten Innenpool, der Sauna, dem Fitnessraum, dem Tennisplatz und dem Whirlpool im Freien<\/li>\n<\/ul>\n<p>[\/et_pb_text][\/et_pb_column][\/et_pb_row][\/et_pb_section][et_pb_section fb_built=&#8220;1&#8243; _builder_version=&#8220;4.26.0&#8243; _module_preset=&#8220;default&#8220; background_color=&#8220;#f3eee7&#8243; global_colors_info=&#8220;{}&#8220;][et_pb_row _builder_version=&#8220;4.27.0&#8243; _module_preset=&#8220;default&#8220; background_color=&#8220;RGBA(255,255,255,0)&#8220; width=&#8220;70%&#8220; width_tablet=&#8220;&#8220; width_phone=&#8220;90%&#8220; width_last_edited=&#8220;on|phone&#8220; max_width=&#8220;2560px&#8220; custom_padding=&#8220;0px|0px|0px|0px|false|false&#8220; global_colors_info=&#8220;{}&#8220;][et_pb_column type=&#8220;4_4&#8243; _builder_version=&#8220;4.24.3&#8243; _module_preset=&#8220;default&#8220; global_colors_info=&#8220;{}&#8220;][et_pb_text module_class=&#8220;et_pb_slide_titleDifference&#8220; _builder_version=&#8220;4.26.0&#8243; _module_preset=&#8220;default&#8220; text_text_color=&#8220;#313131&#8243; text_font_size=&#8220;26px&#8220; text_letter_spacing=&#8220;1px&#8220; text_line_height=&#8220;1.5em&#8220; custom_margin=&#8220;-1px||||false|false&#8220; locked=&#8220;off&#8220; global_colors_info=&#8220;{}&#8220;]<\/p>\n<p style=\"text-align: left;\">Andere Vorschl\u00e4ge<\/p>\n<p>[\/et_pb_text][\/et_pb_column][\/et_pb_row][et_pb_row column_structure=&#8220;1_2,1_2&#8243; _builder_version=&#8220;4.27.0&#8243; _module_preset=&#8220;default&#8220; width=&#8220;70%&#8220; width_tablet=&#8220;70%&#8220; width_phone=&#8220;90%&#8220; width_last_edited=&#8220;on|phone&#8220; max_width=&#8220;2560px&#8220; custom_margin=&#8220;20px||0px||false|false&#8220; custom_padding=&#8220;0px||0px||false|false&#8220; global_colors_info=&#8220;{}&#8220;][et_pb_column type=&#8220;1_2&#8243; _builder_version=&#8220;4.26.0&#8243; _module_preset=&#8220;default&#8220; global_colors_info=&#8220;{}&#8220;][et_pb_image src=&#8220;https:\/\/rithymnabeach.com\/wp-content\/uploads\/2024\/12\/4_rithymna_beach_classic_premium_room_seaview_1.jpg&#8220; title_text=&#8220;4_rithymna_beach_classic_premium_room_seaview_1&#8243; _builder_version=&#8220;4.24.2&#8243; _module_preset=&#8220;default&#8220; hover_transition_speed_curve=&#8220;ease-in-out&#8220; scroll_fade_enable=&#8220;on&#8220; locked=&#8220;off&#8220; global_colors_info=&#8220;{}&#8220;][\/et_pb_image][et_pb_text module_class=&#8220;mainTitleHome&#8220; _builder_version=&#8220;4.24.2&#8243; _module_preset=&#8220;default&#8220; text_text_color=&#8220;#313131&#8243; text_font_size=&#8220;22px&#8220; text_line_height=&#8220;1.2em&#8220; min_height=&#8220;55px&#8220; custom_margin=&#8220;0px||10px||false|false&#8220; custom_padding=&#8220;0px||0px||false|false&#8220; locked=&#8220;off&#8220; global_colors_info=&#8220;{}&#8220;]<\/p>\n<p>Classic Premium Zimmer, Meerblick<\/p>\n<div id=\"awebChromeHelper\"><\/div>\n<p>[\/et_pb_text][et_pb_button button_url=&#8220;@ET-DC@eyJkeW5hbWljIjp0cnVlLCJjb250ZW50IjoicG9zdF9saW5rX3VybF9wYWdlIiwic2V0dGluZ3MiOnsicG9zdF9pZCI6IjEwMDQifX0=@&#8220; button_text=&#8220;Details&#8220; admin_label=&#8220;Button&#8220; module_class=&#8220;fullwidthBTN&#8220; _builder_version=&#8220;4.24.2&#8243; _dynamic_attributes=&#8220;button_url&#8220; _module_preset=&#8220;default&#8220; custom_button=&#8220;on&#8220; button_text_size=&#8220;17px&#8220; button_text_color=&#8220;#b6a486&#8243; button_bg_color=&#8220;RGBA(255,255,255,0)&#8220; button_border_color=&#8220;rgba(182,164,134,0.66)&#8220; custom_margin=&#8220;0px||0px||false|false&#8220; locked=&#8220;off&#8220; global_colors_info=&#8220;{}&#8220;][\/et_pb_button][\/et_pb_column][et_pb_column type=&#8220;1_2&#8243; _builder_version=&#8220;4.26.0&#8243; _module_preset=&#8220;default&#8220; global_colors_info=&#8220;{}&#8220;][et_pb_image src=&#8220;https:\/\/rithymnabeach.com\/wp-content\/uploads\/2024\/12\/rithymna_beach_mythica_bungalow_suite_beachfront_1.jpg&#8220; title_text=&#8220;rithymna_strand_mythica_bungalow_suite_strandfront_1&#8243; _builder_version=&#8220;4.24.2&#8243; _module_preset=&#8220;default&#8220; scroll_fade_enable=&#8220;on&#8220; locked=&#8220;off&#8220; global_colors_info=&#8220;{}&#8220;][\/et_pb_image][et_pb_text module_class=&#8220;mainTitleHome&#8220; _builder_version=&#8220;4.24.2&#8243; _module_preset=&#8220;default&#8220; text_text_color=&#8220;#313131&#8243; text_font_size=&#8220;22px&#8220; text_line_height=&#8220;1.2em&#8220; min_height=&#8220;55px&#8220; custom_margin=&#8220;0px||10px||false|false&#8220; custom_padding=&#8220;0px||0px||false|false&#8220; locked=&#8220;off&#8220; global_colors_info=&#8220;{}&#8220;]<\/p>\n<p>Mythica Bungalow, direkt am Strand<\/p>\n<p>[\/et_pb_text][et_pb_button button_url=&#8220;@ET-DC@eyJkeW5hbWljIjp0cnVlLCJjb250ZW50IjoicG9zdF9saW5rX3VybF9wYWdlIiwic2V0dGluZ3MiOnsicG9zdF9pZCI6IjEwMTIifX0=@&#8220; button_text=&#8220;Details&#8220; admin_label=&#8220;Button&#8220; module_class=&#8220;fullwidthBTN&#8220; _builder_version=&#8220;4.24.2&#8243; _dynamic_attributes=&#8220;button_url&#8220; _module_preset=&#8220;default&#8220; custom_button=&#8220;on&#8220; button_text_size=&#8220;17px&#8220; button_text_color=&#8220;#b6a486&#8243; button_bg_color=&#8220;RGBA(255,255,255,0)&#8220; button_border_color=&#8220;rgba(182,164,134,0.66)&#8220; custom_margin=&#8220;0px||0px||false|false&#8220; locked=&#8220;off&#8220; global_colors_info=&#8220;{}&#8220;][\/et_pb_button][\/et_pb_column][\/et_pb_row][\/et_pb_section][et_pb_section fb_built=&#8220;1&#8243; disabled_on=&#8220;off|off|on&#8220; module_class=&#8220;stickyBook&#8220; _builder_version=&#8220;4.27.2&#8243; _module_preset=&#8220;default&#8220; background_color=&#8220;#b6a486&#8243; custom_margin=&#8220;0px||0px||false|false&#8220; custom_padding=&#8220;0px||0px||false|false&#8220; locked=&#8220;off&#8220; global_colors_info=&#8220;{}&#8220;][et_pb_row _builder_version=&#8220;4.27.0&#8243; _module_preset=&#8220;default&#8220; custom_margin=&#8220;0px||0px||false|false&#8220; custom_padding=&#8220;10px||10px||false|false&#8220; global_colors_info=&#8220;{}&#8220;][et_pb_column type=&#8220;4_4&#8243; _builder_version=&#8220;4.27.0&#8243; _module_preset=&#8220;default&#8220; global_colors_info=&#8220;{}&#8220;][et_pb_button button_url=&#8220;@ET-DC@eyJkeW5hbWljIjp0cnVlLCJjb250ZW50IjoicG9zdF9saW5rX3VybF9wYWdlIiwic2V0dGluZ3MiOnsicG9zdF9pZCI6IjI1NDAifX0=@&#8220; button_text=&#8220;Preise pr\u00fcfen&#8220; button_alignment=&#8220;center&#8220; admin_label=&#8220;Button&#8220; _builder_version=&#8220;4.27.2&#8243; _dynamic_attributes=&#8220;button_url&#8220; _module_preset=&#8220;default&#8220; custom_button=&#8220;on&#8220; button_text_size=&#8220;17px&#8220; button_text_color=&#8220;#FFFFFF&#8220; button_bg_color=&#8220;#b6a486&#8243; button_border_color=&#8220;rgba(182,164,134,0.66)&#8220; custom_margin=&#8220;0px||0px||false|false&#8220; locked=&#8220;off&#8220; global_colors_info=&#8220;{}&#8220;][\/et_pb_button][\/et_pb_column][\/et_pb_row][\/et_pb_section]<\/p>\n","protected":false},"excerpt":{"rendered":"<p>Klassischer Bungalow, seitlicher Meerblick Unsere Classic Bungalows liegen im Herzen unseres &#8222;Kretischen Dorfes&#8220;, in der N\u00e4he der Kirche. Sie sind offen gestaltet und vermitteln ein Gef\u00fchl der Zusammengeh\u00f6rigkeit, w\u00e4hrend separate Bereiche f\u00fcr Privatsph\u00e4re sorgen. Genie\u00dfen Sie die Annehmlichkeiten eines privateren Wohnzimmers, das mit einer einzigartigen Mischung aus Komfort und kretischem Stil eingerichtet ist, sowie sch\u00f6ne [&hellip;]<\/p>\n","protected":false},"author":3,"featured_media":0,"parent":0,"menu_order":0,"comment_status":"closed","ping_status":"closed","template":"","meta":{"_et_pb_use_builder":"on","_et_pb_old_content":"","_et_gb_content_width":"","footnotes":""},"class_list":["post-3619","page","type-page","status-publish","hentry"],"_links":{"self":[{"href":"https:\/\/rithymnabeach.com\/de\/wp-json\/wp\/v2\/pages\/3619","targetHints":{"allow":["GET"]}}],"collection":[{"href":"https:\/\/rithymnabeach.com\/de\/wp-json\/wp\/v2\/pages"}],"about":[{"href":"https:\/\/rithymnabeach.com\/de\/wp-json\/wp\/v2\/types\/page"}],"author":[{"embeddable":true,"href":"https:\/\/rithymnabeach.com\/de\/wp-json\/wp\/v2\/users\/3"}],"replies":[{"embeddable":true,"href":"https:\/\/rithymnabeach.com\/de\/wp-json\/wp\/v2\/comments?post=3619"}],"version-history":[{"count":3,"href":"https:\/\/rithymnabeach.com\/de\/wp-json\/wp\/v2\/pages\/3619\/revisions"}],"predecessor-version":[{"id":8533,"href":"https:\/\/rithymnabeach.com\/de\/wp-json\/wp\/v2\/pages\/3619\/revisions\/8533"}],"wp:attachment":[{"href":"https:\/\/rithymnabeach.com\/de\/wp-json\/wp\/v2\/media?parent=3619"}],"curies":[{"name":"wp","href":"https:\/\/api.w.org\/{rel}","templated":true}]}}