{"id":3584,"date":"2024-12-03T19:37:21","date_gmt":"2024-12-03T19:37:21","guid":{"rendered":"https:\/\/rithymnabeach.com\/classic-zimmer-meerblick\/"},"modified":"2025-05-26T18:33:06","modified_gmt":"2025-05-26T18:33:06","slug":"classic-zimmer-meerblick","status":"publish","type":"page","link":"https:\/\/rithymnabeach.com\/de\/classic-zimmer-meerblick\/","title":{"rendered":"Classic Zimmer, Meerblick"},"content":{"rendered":"<p>[et_pb_section fb_built=&#8220;1&#8243; _builder_version=&#8220;4.26.0&#8243; _module_preset=&#8220;default&#8220; background_color=&#8220;#f3eee7&#8243; custom_margin=&#8220;-140px||||false|false&#8220; custom_padding=&#8220;0px||0px|||&#8220; global_colors_info=&#8220;{}&#8220;][et_pb_row _builder_version=&#8220;4.24.3&#8243; _module_preset=&#8220;default&#8220; width=&#8220;100%&#8220; max_width=&#8220;2560px&#8220; custom_padding=&#8220;0px||0px|||&#8220; global_colors_info=&#8220;{}&#8220;][et_pb_column type=&#8220;4_4&#8243; _builder_version=&#8220;4.24.3&#8243; _module_preset=&#8220;default&#8220; global_colors_info=&#8220;{}&#8220;][et_pb_slider _builder_version=&#8220;4.24.2&#8243; _module_preset=&#8220;_initial&#8220; header_text_color=&#8220;#FFFFFF&#8220; header_letter_spacing=&#8220;1px&#8220; body_text_color=&#8220;#FFFFFF&#8220; background_enable_image=&#8220;off&#8220; background_position=&#8220;bottom_center&#8220; min_height=&#8220;930px&#8220; min_height_tablet=&#8220;500px&#8220; min_height_phone=&#8220;400px&#8220; min_height_last_edited=&#8220;on|desktop&#8220; locked=&#8220;off&#8220; global_colors_info=&#8220;{}&#8220;][et_pb_slide _builder_version=&#8220;4.24.2&#8243; _module_preset=&#8220;_initial&#8220; background_image=&#8220;https:\/\/rithymnabeach.com\/wp-content\/uploads\/2024\/12\/aquila_rithymna_beach_classic_room_sea_view_banner.jpg&#8220; background_enable_image=&#8220;on&#8220; parallax=&#8220;on&#8220; width=&#8220;100%&#8220; locked=&#8220;off&#8220; global_colors_info=&#8220;{}&#8220; sticky_transition=&#8220;on&#8220;][\/et_pb_slide][\/et_pb_slider][\/et_pb_column][\/et_pb_row][\/et_pb_section][et_pb_section fb_built=&#8220;1&#8243; _builder_version=&#8220;4.26.0&#8243; _module_preset=&#8220;default&#8220; background_color=&#8220;#f3eee7&#8243; custom_margin=&#8220;0px||0px||false|false&#8220; custom_padding=&#8220;100px||2px||false|false&#8220; global_colors_info=&#8220;{}&#8220;][et_pb_row _builder_version=&#8220;4.27.0&#8243; _module_preset=&#8220;default&#8220; width=&#8220;70%&#8220; width_tablet=&#8220;&#8220; width_phone=&#8220;90%&#8220; width_last_edited=&#8220;on|phone&#8220; max_width=&#8220;2560px&#8220; custom_padding=&#8220;0px||1px|||&#8220; global_colors_info=&#8220;{}&#8220;][et_pb_column type=&#8220;4_4&#8243; _builder_version=&#8220;4.26.0&#8243; _module_preset=&#8220;default&#8220; global_colors_info=&#8220;{}&#8220;][et_pb_text module_class=&#8220;italiana-regular&#8220; _builder_version=&#8220;4.24.2&#8243; _module_preset=&#8220;default&#8220; text_text_color=&#8220;#313131&#8243; text_font_size=&#8220;32px&#8220; text_line_height=&#8220;1.2em&#8220; min_height=&#8220;43.8px&#8220; custom_margin=&#8220;||30px||false|false&#8220; custom_padding=&#8220;||||false|false&#8220; locked=&#8220;off&#8220; global_colors_info=&#8220;{}&#8220;]<\/p>\n<p>Classic Zimmer, Meerblick<\/p>\n<div id=\"awebChromeHelper\"><\/div>\n<div id=\"awebChromeHelper\"><\/div>\n<p>[\/et_pb_text][\/et_pb_column][\/et_pb_row][et_pb_row column_structure=&#8220;3_5,2_5&#8243; _builder_version=&#8220;4.27.0&#8243; _module_preset=&#8220;default&#8220; width=&#8220;70%&#8220; width_tablet=&#8220;&#8220; width_phone=&#8220;90%&#8220; width_last_edited=&#8220;on|phone&#8220; max_width=&#8220;2560px&#8220; custom_padding=&#8220;0px||50px||false|false&#8220; global_colors_info=&#8220;{}&#8220;][et_pb_column type=&#8220;3_5&#8243; _builder_version=&#8220;4.26.0&#8243; _module_preset=&#8220;default&#8220; global_colors_info=&#8220;{}&#8220;][et_pb_text _builder_version=&#8220;4.24.2&#8243; _module_preset=&#8220;default&#8220; global_colors_info=&#8220;{}&#8220;]Unsere charmanten Classic-Zimmer mit Meerblick bieten einen reizvollen R\u00fcckzugsort f\u00fcr Paare oder Einzelreisende. Diese Zimmer sind mit einem Hauch von franz\u00f6sischer Renaissance-Eleganz eingerichtet und verf\u00fcgen \u00fcber eine gem\u00fctliche Einrichtung und einen privaten Balkon mit atemberaubendem Blick auf die \u00c4g\u00e4is. Lassen Sie sich von der Magie Kretas inspirieren, w\u00e4hrend Sie die Sch\u00f6nheit der K\u00fcste auf sich wirken lassen.[\/et_pb_text][et_pb_button button_url=&#8220;https:\/\/aquilarithymnabeach.reserve-online.net\/?_ga=2.137828023.62941901.1731748810-1726060018.1708244718&#038;_gl=1*1c43asp*_gcl_au*OTUxMDE0OC4xNzI0NDkxMTY2*_ga*MTcyNjA2MDAxOC4xNzA4MjQ0NzE4*_ga_69FFLPKHE9*MTczMTc1MDY3Ny4yNC4xLjE3MzE3NTA2ODcuNTAuMC4w&#8220; url_new_window=&#8220;on&#8220; button_text=&#8220;Preise pr\u00fcfen&#8220; admin_label=&#8220;Button&#8220; module_class=&#8220;fullwidthBTN&#8220; _builder_version=&#8220;4.24.2&#8243; _module_preset=&#8220;default&#8220; custom_button=&#8220;on&#8220; button_text_size=&#8220;17px&#8220; button_text_color=&#8220;#FFFFFF&#8220; button_bg_color=&#8220;rgba(182,164,134,0.66)&#8220; button_border_color=&#8220;rgba(182,164,134,0.66)&#8220; custom_margin=&#8220;10px||0px||false|false&#8220; custom_padding=&#8220;||||false|false&#8220; locked=&#8220;off&#8220; global_colors_info=&#8220;{}&#8220;][\/et_pb_button][\/et_pb_column][et_pb_column type=&#8220;2_5&#8243; _builder_version=&#8220;4.26.0&#8243; _module_preset=&#8220;default&#8220; global_colors_info=&#8220;{}&#8220;][et_pb_text _builder_version=&#8220;4.24.2&#8243; _module_preset=&#8220;default&#8220; text_line_height=&#8220;2.3em&#8220; custom_margin=&#8220;||-1px|||&#8220; custom_padding=&#8220;0px||9px||false|false&#8220; border_radii=&#8220;on|1px|1px|1px|1px&#8220; border_width_bottom=&#8220;1px&#8220; border_color_bottom=&#8220;#b6a486&#8243; global_colors_info=&#8220;{}&#8220;]<\/p>\n<p><strong><img decoding=\"async\" src=\"https:\/\/rithymnabeach.com\/wp-content\/uploads\/2024\/12\/eye-1.png\" width=\"16\" height=\"16\" alt=\"\" class=\"wp-image-1759 alignnone size-full\"><\/strong>  Meerblick<br \/><img decoding=\"async\" src=\"https:\/\/rithymnabeach.com\/wp-content\/uploads\/2024\/12\/A-adult.png\" width=\"16\" height=\"16\" alt=\"\" class=\"wp-image-1759 alignnone size-full\"> Maximal 3 Erwachsene<br \/><img decoding=\"async\" src=\"https:\/\/rithymnabeach.com\/wp-content\/uploads\/2024\/12\/a-arrow.png\" width=\"16\" height=\"16\" alt=\"\" class=\"wp-image-1759 alignnone size-full\"> 25 m\u00b2 Gesamtfl\u00e4che<br \/><img decoding=\"async\" src=\"https:\/\/rithymnabeach.com\/wp-content\/uploads\/2024\/12\/a-bed.png\" width=\"16\" height=\"16\" alt=\"\" class=\"wp-image-1759 alignnone size-full\"> Kingsize-Bett, Einzelbett<\/p>\n<p>[\/et_pb_text][et_pb_button button_url=&#8220;https:\/\/rithymnabeach.com\/wp-content\/uploads\/2025\/05\/Classic_Room_-Sea_View.pdf&#8220; url_new_window=&#8220;on&#8220; button_text=&#8220;Ansicht Grundriss&#8220; _builder_version=&#8220;4.27.4&#8243; _module_preset=&#8220;default&#8220; custom_button=&#8220;on&#8220; button_text_size=&#8220;14px&#8220; button_text_color=&#8220;#b6a486&#8243; button_bg_color=&#8220;RGBA(255,255,255,0)&#8220; button_border_color=&#8220;#b6a486&#8243; button_icon=&#8220;&#x22;||divi||400&#8243; button_icon_color=&#8220;#b6a486&#8243; button_on_hover=&#8220;off&#8220; custom_margin=&#8220;16px||15px||false|false&#8220; hover_enabled=&#8220;0&#8243; global_colors_info=&#8220;{}&#8220; sticky_enabled=&#8220;0&#8243;][\/et_pb_button][\/et_pb_column][\/et_pb_row][et_pb_row _builder_version=&#8220;4.27.0&#8243; _module_preset=&#8220;default&#8220; background_color=&#8220;RGBA(255,255,255,0)&#8220; width=&#8220;100%&#8220; width_tablet=&#8220;70%&#8220; width_phone=&#8220;90%&#8220; width_last_edited=&#8220;on|phone&#8220; max_width=&#8220;2560px&#8220; custom_padding=&#8220;0px|||||&#8220; global_colors_info=&#8220;{}&#8220;][et_pb_column type=&#8220;4_4&#8243; _builder_version=&#8220;4.26.0&#8243; _module_preset=&#8220;default&#8220; global_colors_info=&#8220;{}&#8220;][et_pb_text _builder_version=&#8220;4.24.2&#8243; _module_preset=&#8220;default&#8220; global_colors_info=&#8220;{}&#8220;]<div id=\"metaslider-id-1995\" style=\"width: 100%;\" class=\"ml-slider-3-107-0 metaslider metaslider-flex metaslider-1995 ml-slider has-carousel-mode ms-theme-default-base nav-hidden\" role=\"region\" aria-label=\"3_classic_room_sea_view\" data-height=\"500\" data-width=\"700\">\n    <div id=\"metaslider_container_1995\">\n        <div id=\"metaslider_1995\">\n            <ul class='slides'>\n                <li style=\"display: none; width: 100%;\" class=\"slide-1996 ms-image \" aria-roledescription=\"slide\" data-date=\"2024-12-21 19:12:17\" data-filename=\"aquila_rithymna_beach_classic_room_sea_view_1-700x500.jpg\" data-slide-type=\"image\"><img decoding=\"async\" src=\"https:\/\/rithymnabeach.com\/wp-content\/uploads\/2024\/12\/aquila_rithymna_beach_classic_room_sea_view_1-700x500.jpg\" height=\"500\" width=\"700\" alt=\"\" class=\"slider-1995 slide-1996 msDefaultImage\" title=\"aquila_rithymna_beach_classic_room_sea_view_1\" \/><\/li>\n                <li style=\"display: none; width: 100%;\" class=\"slide-1997 ms-image \" aria-roledescription=\"slide\" data-date=\"2024-12-21 19:12:18\" data-filename=\"aquila_rithymna_beach_classic_room_sea_view_2-700x500.jpg\" data-slide-type=\"image\"><img decoding=\"async\" src=\"https:\/\/rithymnabeach.com\/wp-content\/uploads\/2024\/12\/aquila_rithymna_beach_classic_room_sea_view_2-700x500.jpg\" height=\"500\" width=\"700\" alt=\"\" class=\"slider-1995 slide-1997 msDefaultImage\" title=\"aquila_rithymna_beach_classic_room_sea_view_2\" \/><\/li>\n                <li style=\"display: none; width: 100%;\" class=\"slide-1998 ms-image \" aria-roledescription=\"slide\" data-date=\"2024-12-21 19:12:18\" data-filename=\"aquila_rithymna_beach_classic_room_sea_view_3-700x500.jpg\" data-slide-type=\"image\"><img decoding=\"async\" src=\"https:\/\/rithymnabeach.com\/wp-content\/uploads\/2024\/12\/aquila_rithymna_beach_classic_room_sea_view_3-700x500.jpg\" height=\"500\" width=\"700\" alt=\"\" class=\"slider-1995 slide-1998 msDefaultImage\" title=\"aquila_rithymna_beach_classic_room_sea_view_3\" \/><\/li>\n                <li style=\"display: none; width: 100%;\" class=\"slide-1999 ms-image \" aria-roledescription=\"slide\" data-date=\"2024-12-21 19:12:18\" data-filename=\"aquila_rithymna_beach_classic_room_sea_view_4-700x500.jpg\" data-slide-type=\"image\"><img decoding=\"async\" src=\"https:\/\/rithymnabeach.com\/wp-content\/uploads\/2024\/12\/aquila_rithymna_beach_classic_room_sea_view_4-700x500.jpg\" height=\"500\" width=\"700\" alt=\"\" class=\"slider-1995 slide-1999 msDefaultImage\" title=\"aquila_rithymna_beach_classic_room_sea_view_4\" \/><\/li>\n                <li style=\"display: none; width: 100%;\" class=\"slide-2000 ms-image \" aria-roledescription=\"slide\" data-date=\"2024-12-21 19:12:19\" data-filename=\"aquila_rithymna_beach_classic_room_sea_view_5-700x500.jpg\" data-slide-type=\"image\"><img decoding=\"async\" src=\"https:\/\/rithymnabeach.com\/wp-content\/uploads\/2024\/12\/aquila_rithymna_beach_classic_room_sea_view_5-700x500.jpg\" height=\"500\" width=\"700\" alt=\"AQUILA RITHYMNA BEACH ACCOMMODATION\" class=\"slider-1995 slide-2000 msDefaultImage\" title=\"AQUILA RITHYMNA BEACH ACCOMMODATION\" \/><\/li>\n                <li style=\"display: none; width: 100%;\" class=\"slide-2001 ms-image \" aria-roledescription=\"slide\" data-date=\"2024-12-21 19:12:19\" data-filename=\"aquila_rithymna_beach_classic_room_sea_view_6-700x500.jpg\" data-slide-type=\"image\"><img decoding=\"async\" src=\"https:\/\/rithymnabeach.com\/wp-content\/uploads\/2024\/12\/aquila_rithymna_beach_classic_room_sea_view_6-700x500.jpg\" height=\"500\" width=\"700\" alt=\"\" class=\"slider-1995 slide-2001 msDefaultImage\" title=\"aquila_rithymna_beach_classic_room_sea_view_6\" \/><\/li>\n            <\/ul>\n        <\/div>\n        \n    <\/div>\n<\/div>[\/et_pb_text][\/et_pb_column][\/et_pb_row][\/et_pb_section][et_pb_section fb_built=&#8220;1&#8243; _builder_version=&#8220;4.26.0&#8243; _module_preset=&#8220;default&#8220; custom_padding=&#8220;50px||50px||false|false&#8220; global_colors_info=&#8220;{}&#8220;][et_pb_row _builder_version=&#8220;4.27.0&#8243; _module_preset=&#8220;default&#8220; background_color=&#8220;#FFFFFF&#8220; width=&#8220;70%&#8220; width_tablet=&#8220;&#8220; width_phone=&#8220;90%&#8220; width_last_edited=&#8220;on|phone&#8220; max_width=&#8220;2560px&#8220; custom_margin=&#8220;||||false|false&#8220; custom_padding=&#8220;||||false|false&#8220; global_colors_info=&#8220;{}&#8220;][et_pb_column type=&#8220;4_4&#8243; _builder_version=&#8220;4.24.3&#8243; _module_preset=&#8220;default&#8220; global_colors_info=&#8220;{}&#8220;][et_pb_text module_class=&#8220;et_pb_slide_titleDifference&#8220; _builder_version=&#8220;4.27.0&#8243; _module_preset=&#8220;default&#8220; text_text_color=&#8220;#313131&#8243; text_font_size=&#8220;26px&#8220; text_letter_spacing=&#8220;1px&#8220; text_line_height=&#8220;1.5em&#8220; custom_margin=&#8220;0px|0px|0px|0px|false|false&#8220; custom_padding=&#8220;0px|0px|0px|0px|false|false&#8220; locked=&#8220;off&#8220; global_colors_info=&#8220;{}&#8220;]<\/p>\n<p>Alle Aufenthalte beinhalten<\/p>\n<p>[\/et_pb_text][et_pb_text _builder_version=&#8220;4.27.4&#8243; _module_preset=&#8220;default&#8220; custom_margin=&#8220;0px|0px|0px|0px|false|false&#8220; custom_padding=&#8220;0px|0px|0px|0px|false|false&#8220; global_colors_info=&#8220;{}&#8220;]<\/p>\n<ul>\n<li>Ausgew\u00e4hlte Toilettenartikel und Badutensilien<\/li>\n<li>Badem\u00e4ntel<\/li>\n<li>Haartrockner<\/li>\n<li>Wahl des Kissens<\/li>\n<li>Strandt\u00fccher<\/li>\n<li>Tee-\/Kaffeekocher<\/li>\n<li>Bankschlie\u00dffach<\/li>\n<li>Direktwahl-Telefon<\/li>\n<li>Satelliten-LCD-Flachbildschirm-TV mit integriertem Radio und Musikkan\u00e4len<\/li>\n<li>Minibar<\/li>\n<li>Klimatisierung\/Heizung<\/li>\n<li><span style=\"font-size: 16px;\">Willkommensgru\u00df bei der Ankunft<\/span><\/li>\n<li>Zugang zu allen Freizeiteinrichtungen wie dem beheizten Innenpool, der Sauna, dem Fitnessraum, dem Tennisplatz und dem Whirlpool im Freien<\/li>\n<\/ul>\n<p>[\/et_pb_text][\/et_pb_column][\/et_pb_row][\/et_pb_section][et_pb_section fb_built=&#8220;1&#8243; _builder_version=&#8220;4.26.0&#8243; _module_preset=&#8220;default&#8220; background_color=&#8220;#f3eee7&#8243; global_colors_info=&#8220;{}&#8220;][et_pb_row _builder_version=&#8220;4.27.0&#8243; _module_preset=&#8220;default&#8220; background_color=&#8220;RGBA(255,255,255,0)&#8220; width=&#8220;70%&#8220; width_tablet=&#8220;&#8220; width_phone=&#8220;90%&#8220; width_last_edited=&#8220;on|phone&#8220; max_width=&#8220;2560px&#8220; custom_padding=&#8220;0px|0px|0px|0px|false|false&#8220; global_colors_info=&#8220;{}&#8220;][et_pb_column type=&#8220;4_4&#8243; _builder_version=&#8220;4.24.3&#8243; _module_preset=&#8220;default&#8220; global_colors_info=&#8220;{}&#8220;][et_pb_text module_class=&#8220;et_pb_slide_titleDifference&#8220; _builder_version=&#8220;4.26.0&#8243; _module_preset=&#8220;default&#8220; text_text_color=&#8220;#313131&#8243; text_font_size=&#8220;26px&#8220; text_letter_spacing=&#8220;1px&#8220; text_line_height=&#8220;1.5em&#8220; custom_margin=&#8220;-1px||||false|false&#8220; locked=&#8220;off&#8220; global_colors_info=&#8220;{}&#8220;]<\/p>\n<p style=\"text-align: left;\">Andere Vorschl\u00e4ge<\/p>\n<p>[\/et_pb_text][\/et_pb_column][\/et_pb_row][et_pb_row column_structure=&#8220;1_2,1_2&#8243; _builder_version=&#8220;4.27.0&#8243; _module_preset=&#8220;default&#8220; width=&#8220;70%&#8220; width_tablet=&#8220;70%&#8220; width_phone=&#8220;90%&#8220; width_last_edited=&#8220;on|phone&#8220; max_width=&#8220;2560px&#8220; custom_margin=&#8220;20px||0px||false|false&#8220; custom_padding=&#8220;0px||0px||false|false&#8220; global_colors_info=&#8220;{}&#8220;][et_pb_column type=&#8220;1_2&#8243; _builder_version=&#8220;4.26.0&#8243; _module_preset=&#8220;default&#8220; global_colors_info=&#8220;{}&#8220;][et_pb_image src=&#8220;https:\/\/rithymnabeach.com\/wp-content\/uploads\/2024\/12\/4_rithymna_beach_classic_premium_room_seaview_1.jpg&#8220; title_text=&#8220;4_rithymna_beach_classic_premium_room_seaview_1&#8243; _builder_version=&#8220;4.24.2&#8243; _module_preset=&#8220;default&#8220; hover_transition_speed_curve=&#8220;ease-in-out&#8220; scroll_fade_enable=&#8220;on&#8220; locked=&#8220;off&#8220; global_colors_info=&#8220;{}&#8220;][\/et_pb_image][et_pb_text module_class=&#8220;mainTitleHome&#8220; _builder_version=&#8220;4.24.2&#8243; _module_preset=&#8220;default&#8220; text_text_color=&#8220;#313131&#8243; text_font_size=&#8220;22px&#8220; text_line_height=&#8220;1.2em&#8220; min_height=&#8220;55px&#8220; custom_margin=&#8220;0px||10px||false|false&#8220; custom_padding=&#8220;0px||0px||false|false&#8220; locked=&#8220;off&#8220; global_colors_info=&#8220;{}&#8220;]<\/p>\n<p>Classic Premium Zimmer, Meerblick<\/p>\n<div id=\"awebChromeHelper\"><\/div>\n<p>[\/et_pb_text][et_pb_button button_url=&#8220;@ET-DC@eyJkeW5hbWljIjp0cnVlLCJjb250ZW50IjoicG9zdF9saW5rX3VybF9wYWdlIiwic2V0dGluZ3MiOnsicG9zdF9pZCI6IjEwMDQifX0=@&#8220; button_text=&#8220;Details&#8220; admin_label=&#8220;Button&#8220; module_class=&#8220;fullwidthBTN&#8220; _builder_version=&#8220;4.24.2&#8243; _dynamic_attributes=&#8220;button_url&#8220; _module_preset=&#8220;default&#8220; custom_button=&#8220;on&#8220; button_text_size=&#8220;17px&#8220; button_text_color=&#8220;#b6a486&#8243; button_bg_color=&#8220;RGBA(255,255,255,0)&#8220; button_border_color=&#8220;rgba(182,164,134,0.66)&#8220; custom_margin=&#8220;0px||0px||false|false&#8220; locked=&#8220;off&#8220; global_colors_info=&#8220;{}&#8220;][\/et_pb_button][\/et_pb_column][et_pb_column type=&#8220;1_2&#8243; _builder_version=&#8220;4.26.0&#8243; _module_preset=&#8220;default&#8220; global_colors_info=&#8220;{}&#8220;][et_pb_image src=&#8220;https:\/\/rithymnabeach.com\/wp-content\/uploads\/2024\/12\/rithymna_beach_classic_bungalow_side_sea_view_1.jpg&#8220; title_text=&#8220;rithymna_strand_klassischer_bungalow_seitlicher_meerblick_1&#8243; _builder_version=&#8220;4.24.2&#8243; _module_preset=&#8220;default&#8220; scroll_fade_enable=&#8220;on&#8220; locked=&#8220;off&#8220; global_colors_info=&#8220;{}&#8220;][\/et_pb_image][et_pb_text module_class=&#8220;mainTitleHome&#8220; _builder_version=&#8220;4.24.2&#8243; _module_preset=&#8220;default&#8220; text_text_color=&#8220;#313131&#8243; text_font_size=&#8220;22px&#8220; text_line_height=&#8220;1.2em&#8220; min_height=&#8220;55px&#8220; custom_margin=&#8220;0px||10px||false|false&#8220; custom_padding=&#8220;0px||0px||false|false&#8220; locked=&#8220;off&#8220; global_colors_info=&#8220;{}&#8220;]<\/p>\n<p>Klassischer Bungalow, seitlicher Meerblick<\/p>\n<p>[\/et_pb_text][et_pb_button button_url=&#8220;@ET-DC@eyJkeW5hbWljIjp0cnVlLCJjb250ZW50IjoicG9zdF9saW5rX3VybF9wYWdlIiwic2V0dGluZ3MiOnsicG9zdF9pZCI6IjEwMDYifX0=@&#8220; button_text=&#8220;Details&#8220; admin_label=&#8220;Button&#8220; module_class=&#8220;fullwidthBTN&#8220; _builder_version=&#8220;4.24.2&#8243; _dynamic_attributes=&#8220;button_url&#8220; _module_preset=&#8220;default&#8220; custom_button=&#8220;on&#8220; button_text_size=&#8220;17px&#8220; button_text_color=&#8220;#b6a486&#8243; button_bg_color=&#8220;RGBA(255,255,255,0)&#8220; button_border_color=&#8220;rgba(182,164,134,0.66)&#8220; custom_margin=&#8220;0px||0px||false|false&#8220; locked=&#8220;off&#8220; global_colors_info=&#8220;{}&#8220;][\/et_pb_button][\/et_pb_column][\/et_pb_row][\/et_pb_section][et_pb_section fb_built=&#8220;1&#8243; disabled_on=&#8220;off|off|on&#8220; module_class=&#8220;stickyBook&#8220; _builder_version=&#8220;4.27.2&#8243; _module_preset=&#8220;default&#8220; background_color=&#8220;#b6a486&#8243; custom_margin=&#8220;0px||0px||false|false&#8220; custom_padding=&#8220;0px||0px||false|false&#8220; locked=&#8220;off&#8220; global_colors_info=&#8220;{}&#8220;][et_pb_row _builder_version=&#8220;4.27.0&#8243; _module_preset=&#8220;default&#8220; custom_margin=&#8220;0px||0px||false|false&#8220; custom_padding=&#8220;10px||10px||false|false&#8220; global_colors_info=&#8220;{}&#8220;][et_pb_column type=&#8220;4_4&#8243; _builder_version=&#8220;4.27.0&#8243; _module_preset=&#8220;default&#8220; global_colors_info=&#8220;{}&#8220;][et_pb_button button_url=&#8220;@ET-DC@eyJkeW5hbWljIjp0cnVlLCJjb250ZW50IjoicG9zdF9saW5rX3VybF9wYWdlIiwic2V0dGluZ3MiOnsicG9zdF9pZCI6IjI1NDAifX0=@&#8220; button_text=&#8220;Preise pr\u00fcfen&#8220; button_alignment=&#8220;center&#8220; admin_label=&#8220;Button&#8220; _builder_version=&#8220;4.27.2&#8243; _dynamic_attributes=&#8220;button_url&#8220; _module_preset=&#8220;default&#8220; custom_button=&#8220;on&#8220; button_text_size=&#8220;17px&#8220; button_text_color=&#8220;#FFFFFF&#8220; button_bg_color=&#8220;#b6a486&#8243; button_border_color=&#8220;rgba(182,164,134,0.66)&#8220; custom_margin=&#8220;0px||0px||false|false&#8220; locked=&#8220;off&#8220; global_colors_info=&#8220;{}&#8220;][\/et_pb_button][\/et_pb_column][\/et_pb_row][\/et_pb_section]<\/p>\n","protected":false},"excerpt":{"rendered":"<p>Classic Zimmer, Meerblick Unsere charmanten Classic-Zimmer mit Meerblick bieten einen reizvollen R\u00fcckzugsort f\u00fcr Paare oder Einzelreisende. Diese Zimmer sind mit einem Hauch von franz\u00f6sischer Renaissance-Eleganz eingerichtet und verf\u00fcgen \u00fcber eine gem\u00fctliche Einrichtung und einen privaten Balkon mit atemberaubendem Blick auf die \u00c4g\u00e4is. Lassen Sie sich von der Magie Kretas inspirieren, w\u00e4hrend Sie die Sch\u00f6nheit der [&hellip;]<\/p>\n","protected":false},"author":3,"featured_media":0,"parent":0,"menu_order":0,"comment_status":"closed","ping_status":"closed","template":"","meta":{"_et_pb_use_builder":"on","_et_pb_old_content":"","_et_gb_content_width":"","footnotes":""},"class_list":["post-3584","page","type-page","status-publish","hentry"],"_links":{"self":[{"href":"https:\/\/rithymnabeach.com\/de\/wp-json\/wp\/v2\/pages\/3584","targetHints":{"allow":["GET"]}}],"collection":[{"href":"https:\/\/rithymnabeach.com\/de\/wp-json\/wp\/v2\/pages"}],"about":[{"href":"https:\/\/rithymnabeach.com\/de\/wp-json\/wp\/v2\/types\/page"}],"author":[{"embeddable":true,"href":"https:\/\/rithymnabeach.com\/de\/wp-json\/wp\/v2\/users\/3"}],"replies":[{"embeddable":true,"href":"https:\/\/rithymnabeach.com\/de\/wp-json\/wp\/v2\/comments?post=3584"}],"version-history":[{"count":11,"href":"https:\/\/rithymnabeach.com\/de\/wp-json\/wp\/v2\/pages\/3584\/revisions"}],"predecessor-version":[{"id":8586,"href":"https:\/\/rithymnabeach.com\/de\/wp-json\/wp\/v2\/pages\/3584\/revisions\/8586"}],"wp:attachment":[{"href":"https:\/\/rithymnabeach.com\/de\/wp-json\/wp\/v2\/media?parent=3584"}],"curies":[{"name":"wp","href":"https:\/\/api.w.org\/{rel}","templated":true}]}}